{"id":799,"date":"2022-05-17T13:50:35","date_gmt":"2022-05-17T11:50:35","guid":{"rendered":"https:\/\/andreasolomun.com\/?post_type=product&#038;p=799"},"modified":"2025-07-28T05:57:06","modified_gmt":"2025-07-28T03:57:06","slug":"body-specific","status":"publish","type":"product","link":"https:\/\/andreasolomun.com\/hr\/webshop\/body-specific\/","title":{"rendered":"&#038;Body Specific"},"content":{"rendered":"<p><div class=\"fusion-fullwidth fullwidth-box fusion-builder-row-1 fusion-flex-container has-pattern-background has-mask-background nonhundred-percent-fullwidth non-hundred-percent-height-scrolling\" style=\"--awb-border-radius-top-left:30px;--awb-border-radius-top-right:30px;--awb-border-radius-bottom-right:30px;--awb-border-radius-bottom-left:30px;--awb-overflow:hidden;--awb-background-color:var(--awb-color3);--awb-flex-wrap:wrap;\" ><div class=\"fusion-builder-row fusion-row fusion-flex-align-items-flex-start fusion-flex-justify-content-center fusion-flex-content-wrap\" style=\"max-width:1248px;margin-left: calc(-4% \/ 2 );margin-right: calc(-4% \/ 2 );\"><div class=\"fusion-layout-column fusion_builder_column fusion-builder-column-0 fusion_builder_column_1_1 1_1 fusion-flex-column\" style=\"--awb-bg-size:cover;--awb-width-large:100%;--awb-margin-top-large:0px;--awb-spacing-right-large:3.168%;--awb-margin-bottom-large:0px;--awb-spacing-left-large:1.92%;--awb-width-medium:100%;--awb-spacing-right-medium:3.168%;--awb-spacing-left-medium:1.92%;--awb-width-small:100%;--awb-spacing-right-small:3.168%;--awb-spacing-left-small:1.92%;\"><div class=\"fusion-column-wrapper fusion-flex-justify-content-flex-start fusion-content-layout-column\"><div class=\"fusion-text fusion-text-1\" style=\"--awb-margin-top:3%;--awb-margin-left:3%;\"><p><span style=\"font-weight: 400;\">\u017delite se posvetiti samo jednom dijelu tijela bilo zbog ozljede ili slabosti? Osna\u017eili bi ba\u0161 samo rameni pojas, pove\u0107ali mobilnost kukova i ostvarili generalnu fleksibilnost? Kona\u010dno bi htjeli uspjet napravit \u0161pagu?<\/span><\/p>\n<p><span style=\"font-weight: 400;\">&amp;Body Specific je niz videa koji \u0107e vam omogu\u0107iti sve navedeno. <\/span><\/p>\n<p><span style=\"font-weight: 400;\">Mjese\u010dnom pretplatom na svaki od programa zasebno postignite \u017eeljeni cilj.<\/span><\/p>\n<\/div><\/div><\/div><\/div><\/div><div class=\"fusion-fullwidth fullwidth-box fusion-builder-row-2 fusion-flex-container has-pattern-background has-mask-background nonhundred-percent-fullwidth non-hundred-percent-height-scrolling\" style=\"--awb-border-radius-top-left:0px;--awb-border-radius-top-right:0px;--awb-border-radius-bottom-right:0px;--awb-border-radius-bottom-left:0px;--awb-margin-top:4%;--awb-flex-wrap:wrap;\" ><div class=\"fusion-builder-row fusion-row fusion-flex-align-items-flex-start fusion-flex-content-wrap\" style=\"max-width:1248px;margin-left: calc(-4% \/ 2 );margin-right: calc(-4% \/ 2 );\"><div class=\"fusion-layout-column fusion_builder_column fusion-builder-column-1 fusion_builder_column_1_1 1_1 fusion-flex-column fusion-flex-align-self-center\" style=\"--awb-bg-size:cover;--awb-width-large:100%;--awb-margin-top-large:0px;--awb-spacing-right-large:1.92%;--awb-margin-bottom-large:20px;--awb-spacing-left-large:1.92%;--awb-width-medium:100%;--awb-order-medium:0;--awb-spacing-right-medium:1.92%;--awb-spacing-left-medium:1.92%;--awb-width-small:100%;--awb-order-small:0;--awb-spacing-right-small:1.92%;--awb-spacing-left-small:1.92%;\" data-scroll-devices=\"small-visibility,medium-visibility,large-visibility\"><div class=\"fusion-column-wrapper fusion-column-has-shadow fusion-flex-justify-content-flex-start fusion-content-layout-column\"><div style=\"text-align:center;\"><a class=\"fusion-button button-3d fusion-button-default-size button-default fusion-button-default button-1 fusion-button-default-span fusion-button-default-type\" style=\"--button-border-radius-top-left:30px;--button-border-radius-top-right:30px;--button-border-radius-bottom-right:30px;--button-border-radius-bottom-left:30px;\" target=\"_self\"><span class=\"fusion-button-text awb-button__text awb-button__text--default\">U pripremi<\/span><\/a><\/div><\/div><\/div><\/div><\/div><\/p>\n","protected":false},"excerpt":{"rendered":"<p>\u017delite se posvetiti samo jednom dijelu tijela bilo zbog ozljede ili slabosti? Osna\u017eili bi ba\u0161 samo rameni pojas, pove\u0107ali mobilnost kukova i ostvarili generalnu fleksibilnost? Kona\u010dno bi htjeli uspjet napravit \u0161pagu?<\/p>\n<p>&amp;Body Specific je niz videa koji \u0107e vam omogu\u0107iti sve navedeno.<\/p>\n<p>Mjese\u010dnom pretplatom na svaki od programa zasebno postignite \u017eeljeni cilj.<\/p>\n","protected":false},"featured_media":2635,"template":"","meta":[],"product_brand":[],"product_cat":[21],"product_tag":[],"class_list":{"0":"post-799","1":"product","2":"type-product","3":"status-publish","4":"has-post-thumbnail","6":"product_cat-nekategorizirane","8":"first","9":"outofstock","10":"downloadable","11":"virtual","12":"purchasable","13":"product-type-subscription"},"yoast_head":"<!-- This site is optimized with the Yoast SEO plugin v27.5 - https:\/\/yoast.com\/product\/yoast-seo-wordpress\/ -->\n<title>&amp;Body Specific - Andrea Solomun<\/title>\n<meta name=\"description\" content=\"\u017delite se posvetiti samo jednom dijelu tijela bilo zbog ozljede ili slabosti? &amp;Body Specific je niz videa koji \u0107e vam omogu\u0107iti sve navedeno.\" \/>\n<meta name=\"robots\" content=\"index, follow, max-snippet:-1, max-image-preview:large, max-video-preview:-1\" \/>\n<link rel=\"canonical\" href=\"https:\/\/andreasolomun.com\/hr\/webshop\/body-specific\/\" \/>\n<meta property=\"og:locale\" content=\"hr_HR\" \/>\n<meta property=\"og:type\" content=\"article\" \/>\n<meta property=\"og:title\" content=\"&amp;Body Specific - Andrea Solomun\" \/>\n<meta property=\"og:description\" content=\"\u017delite se posvetiti samo jednom dijelu tijela bilo zbog ozljede ili slabosti? &amp;Body Specific je niz videa koji \u0107e vam omogu\u0107iti sve navedeno.\" \/>\n<meta property=\"og:url\" content=\"https:\/\/andreasolomun.com\/hr\/webshop\/body-specific\/\" \/>\n<meta property=\"og:site_name\" content=\"Andrea Solomun\" \/>\n<meta property=\"article:publisher\" content=\"https:\/\/www.facebook.com\/andrea.solomun\" \/>\n<meta property=\"article:modified_time\" content=\"2025-07-28T03:57:06+00:00\" \/>\n<meta property=\"og:image\" content=\"https:\/\/andreasolomun.com\/wp-content\/uploads\/2022\/08\/andrea-body-slike-specific.jpg\" \/>\n\t<meta property=\"og:image:width\" content=\"1080\" \/>\n\t<meta property=\"og:image:height\" content=\"1080\" \/>\n\t<meta property=\"og:image:type\" content=\"image\/jpeg\" \/>\n<meta name=\"twitter:card\" content=\"summary_large_image\" \/>\n<meta name=\"twitter:label1\" content=\"Procijenjeno vrijeme \u010ditanja\" \/>\n\t<meta name=\"twitter:data1\" content=\"3 minute\" \/>\n<script type=\"application\/ld+json\" class=\"yoast-schema-graph\">{\"@context\":\"https:\\\/\\\/schema.org\",\"@graph\":[{\"@type\":\"WebPage\",\"@id\":\"https:\\\/\\\/andreasolomun.com\\\/hr\\\/webshop\\\/body-specific\\\/\",\"url\":\"https:\\\/\\\/andreasolomun.com\\\/hr\\\/webshop\\\/body-specific\\\/\",\"name\":\"&Body Specific - Andrea Solomun\",\"isPartOf\":{\"@id\":\"https:\\\/\\\/andreasolomun.com\\\/hr\\\/#website\"},\"primaryImageOfPage\":{\"@id\":\"https:\\\/\\\/andreasolomun.com\\\/hr\\\/webshop\\\/body-specific\\\/#primaryimage\"},\"image\":{\"@id\":\"https:\\\/\\\/andreasolomun.com\\\/hr\\\/webshop\\\/body-specific\\\/#primaryimage\"},\"thumbnailUrl\":\"https:\\\/\\\/andreasolomun.com\\\/wp-content\\\/uploads\\\/2022\\\/08\\\/andrea-body-slike-specific.jpg\",\"datePublished\":\"2022-05-17T11:50:35+00:00\",\"dateModified\":\"2025-07-28T03:57:06+00:00\",\"description\":\"\u017delite se posvetiti samo jednom dijelu tijela bilo zbog ozljede ili slabosti? &Body Specific je niz videa koji \u0107e vam omogu\u0107iti sve navedeno.\",\"breadcrumb\":{\"@id\":\"https:\\\/\\\/andreasolomun.com\\\/hr\\\/webshop\\\/body-specific\\\/#breadcrumb\"},\"inLanguage\":\"hr\",\"potentialAction\":[{\"@type\":\"ReadAction\",\"target\":[\"https:\\\/\\\/andreasolomun.com\\\/hr\\\/webshop\\\/body-specific\\\/\"]}]},{\"@type\":\"ImageObject\",\"inLanguage\":\"hr\",\"@id\":\"https:\\\/\\\/andreasolomun.com\\\/hr\\\/webshop\\\/body-specific\\\/#primaryimage\",\"url\":\"https:\\\/\\\/andreasolomun.com\\\/wp-content\\\/uploads\\\/2022\\\/08\\\/andrea-body-slike-specific.jpg\",\"contentUrl\":\"https:\\\/\\\/andreasolomun.com\\\/wp-content\\\/uploads\\\/2022\\\/08\\\/andrea-body-slike-specific.jpg\",\"width\":1080,\"height\":1080},{\"@type\":\"BreadcrumbList\",\"@id\":\"https:\\\/\\\/andreasolomun.com\\\/hr\\\/webshop\\\/body-specific\\\/#breadcrumb\",\"itemListElement\":[{\"@type\":\"ListItem\",\"position\":1,\"name\":\"Po\u010detna stranica\",\"item\":\"https:\\\/\\\/andreasolomun.com\\\/hr\\\/\"},{\"@type\":\"ListItem\",\"position\":2,\"name\":\"Shop\",\"item\":\"https:\\\/\\\/andreasolomun.com\\\/hr\\\/webshop\\\/\"},{\"@type\":\"ListItem\",\"position\":3,\"name\":\"&#038;Body Specific\"}]},{\"@type\":\"WebSite\",\"@id\":\"https:\\\/\\\/andreasolomun.com\\\/hr\\\/#website\",\"url\":\"https:\\\/\\\/andreasolomun.com\\\/hr\\\/\",\"name\":\"Andrea Solomun\",\"description\":\"&amp;Body i &amp;Ballet programi za fitnes i zdravlje\",\"publisher\":{\"@id\":\"https:\\\/\\\/andreasolomun.com\\\/hr\\\/#organization\"},\"alternateName\":\"&Andrea\",\"potentialAction\":[{\"@type\":\"SearchAction\",\"target\":{\"@type\":\"EntryPoint\",\"urlTemplate\":\"https:\\\/\\\/andreasolomun.com\\\/hr\\\/?s={search_term_string}\"},\"query-input\":{\"@type\":\"PropertyValueSpecification\",\"valueRequired\":true,\"valueName\":\"search_term_string\"}}],\"inLanguage\":\"hr\"},{\"@type\":\"Organization\",\"@id\":\"https:\\\/\\\/andreasolomun.com\\\/hr\\\/#organization\",\"name\":\"&Andrea\",\"url\":\"https:\\\/\\\/andreasolomun.com\\\/hr\\\/\",\"logo\":{\"@type\":\"ImageObject\",\"inLanguage\":\"hr\",\"@id\":\"https:\\\/\\\/andreasolomun.com\\\/hr\\\/#\\\/schema\\\/logo\\\/image\\\/\",\"url\":\"https:\\\/\\\/andreasolomun.com\\\/wp-content\\\/uploads\\\/2023\\\/05\\\/logo-2x.png\",\"contentUrl\":\"https:\\\/\\\/andreasolomun.com\\\/wp-content\\\/uploads\\\/2023\\\/05\\\/logo-2x.png\",\"width\":96,\"height\":112,\"caption\":\"&Andrea\"},\"image\":{\"@id\":\"https:\\\/\\\/andreasolomun.com\\\/hr\\\/#\\\/schema\\\/logo\\\/image\\\/\"},\"sameAs\":[\"https:\\\/\\\/www.facebook.com\\\/andrea.solomun\",\"https:\\\/\\\/www.instagram.com\\\/andreasolomun\\\/\",\"https:\\\/\\\/www.youtube.com\\\/user\\\/AndreaSolomun\",\"https:\\\/\\\/www.facebook.com\\\/trainingcenterandreasroom\\\/\",\"https:\\\/\\\/www.instagram.com\\\/andreas.room\"]}]}<\/script>\n<!-- \/ Yoast SEO plugin. -->","yoast_head_json":{"title":"&Body Specific - Andrea Solomun","description":"\u017delite se posvetiti samo jednom dijelu tijela bilo zbog ozljede ili slabosti? &Body Specific je niz videa koji \u0107e vam omogu\u0107iti sve navedeno.","robots":{"index":"index","follow":"follow","max-snippet":"max-snippet:-1","max-image-preview":"max-image-preview:large","max-video-preview":"max-video-preview:-1"},"canonical":"https:\/\/andreasolomun.com\/hr\/webshop\/body-specific\/","og_locale":"hr_HR","og_type":"article","og_title":"&Body Specific - Andrea Solomun","og_description":"\u017delite se posvetiti samo jednom dijelu tijela bilo zbog ozljede ili slabosti? &Body Specific je niz videa koji \u0107e vam omogu\u0107iti sve navedeno.","og_url":"https:\/\/andreasolomun.com\/hr\/webshop\/body-specific\/","og_site_name":"Andrea Solomun","article_publisher":"https:\/\/www.facebook.com\/andrea.solomun","article_modified_time":"2025-07-28T03:57:06+00:00","og_image":[{"width":1080,"height":1080,"url":"https:\/\/andreasolomun.com\/wp-content\/uploads\/2022\/08\/andrea-body-slike-specific.jpg","type":"image\/jpeg"}],"twitter_card":"summary_large_image","twitter_misc":{"Procijenjeno vrijeme \u010ditanja":"3 minute"},"schema":{"@context":"https:\/\/schema.org","@graph":[{"@type":"WebPage","@id":"https:\/\/andreasolomun.com\/hr\/webshop\/body-specific\/","url":"https:\/\/andreasolomun.com\/hr\/webshop\/body-specific\/","name":"&Body Specific - Andrea Solomun","isPartOf":{"@id":"https:\/\/andreasolomun.com\/hr\/#website"},"primaryImageOfPage":{"@id":"https:\/\/andreasolomun.com\/hr\/webshop\/body-specific\/#primaryimage"},"image":{"@id":"https:\/\/andreasolomun.com\/hr\/webshop\/body-specific\/#primaryimage"},"thumbnailUrl":"https:\/\/andreasolomun.com\/wp-content\/uploads\/2022\/08\/andrea-body-slike-specific.jpg","datePublished":"2022-05-17T11:50:35+00:00","dateModified":"2025-07-28T03:57:06+00:00","description":"\u017delite se posvetiti samo jednom dijelu tijela bilo zbog ozljede ili slabosti? &Body Specific je niz videa koji \u0107e vam omogu\u0107iti sve navedeno.","breadcrumb":{"@id":"https:\/\/andreasolomun.com\/hr\/webshop\/body-specific\/#breadcrumb"},"inLanguage":"hr","potentialAction":[{"@type":"ReadAction","target":["https:\/\/andreasolomun.com\/hr\/webshop\/body-specific\/"]}]},{"@type":"ImageObject","inLanguage":"hr","@id":"https:\/\/andreasolomun.com\/hr\/webshop\/body-specific\/#primaryimage","url":"https:\/\/andreasolomun.com\/wp-content\/uploads\/2022\/08\/andrea-body-slike-specific.jpg","contentUrl":"https:\/\/andreasolomun.com\/wp-content\/uploads\/2022\/08\/andrea-body-slike-specific.jpg","width":1080,"height":1080},{"@type":"BreadcrumbList","@id":"https:\/\/andreasolomun.com\/hr\/webshop\/body-specific\/#breadcrumb","itemListElement":[{"@type":"ListItem","position":1,"name":"Po\u010detna stranica","item":"https:\/\/andreasolomun.com\/hr\/"},{"@type":"ListItem","position":2,"name":"Shop","item":"https:\/\/andreasolomun.com\/hr\/webshop\/"},{"@type":"ListItem","position":3,"name":"&#038;Body Specific"}]},{"@type":"WebSite","@id":"https:\/\/andreasolomun.com\/hr\/#website","url":"https:\/\/andreasolomun.com\/hr\/","name":"Andrea Solomun","description":"&amp;Body i &amp;Ballet programi za fitnes i zdravlje","publisher":{"@id":"https:\/\/andreasolomun.com\/hr\/#organization"},"alternateName":"&Andrea","potentialAction":[{"@type":"SearchAction","target":{"@type":"EntryPoint","urlTemplate":"https:\/\/andreasolomun.com\/hr\/?s={search_term_string}"},"query-input":{"@type":"PropertyValueSpecification","valueRequired":true,"valueName":"search_term_string"}}],"inLanguage":"hr"},{"@type":"Organization","@id":"https:\/\/andreasolomun.com\/hr\/#organization","name":"&Andrea","url":"https:\/\/andreasolomun.com\/hr\/","logo":{"@type":"ImageObject","inLanguage":"hr","@id":"https:\/\/andreasolomun.com\/hr\/#\/schema\/logo\/image\/","url":"https:\/\/andreasolomun.com\/wp-content\/uploads\/2023\/05\/logo-2x.png","contentUrl":"https:\/\/andreasolomun.com\/wp-content\/uploads\/2023\/05\/logo-2x.png","width":96,"height":112,"caption":"&Andrea"},"image":{"@id":"https:\/\/andreasolomun.com\/hr\/#\/schema\/logo\/image\/"},"sameAs":["https:\/\/www.facebook.com\/andrea.solomun","https:\/\/www.instagram.com\/andreasolomun\/","https:\/\/www.youtube.com\/user\/AndreaSolomun","https:\/\/www.facebook.com\/trainingcenterandreasroom\/","https:\/\/www.instagram.com\/andreas.room"]}]}},"_links":{"self":[{"href":"https:\/\/andreasolomun.com\/hr\/wp-json\/wp\/v2\/product\/799","targetHints":{"allow":["GET"]}}],"collection":[{"href":"https:\/\/andreasolomun.com\/hr\/wp-json\/wp\/v2\/product"}],"about":[{"href":"https:\/\/andreasolomun.com\/hr\/wp-json\/wp\/v2\/types\/product"}],"wp:featuredmedia":[{"embeddable":true,"href":"https:\/\/andreasolomun.com\/hr\/wp-json\/wp\/v2\/media\/2635"}],"wp:attachment":[{"href":"https:\/\/andreasolomun.com\/hr\/wp-json\/wp\/v2\/media?parent=799"}],"wp:term":[{"taxonomy":"product_brand","embeddable":true,"href":"https:\/\/andreasolomun.com\/hr\/wp-json\/wp\/v2\/product_brand?post=799"},{"taxonomy":"product_cat","embeddable":true,"href":"https:\/\/andreasolomun.com\/hr\/wp-json\/wp\/v2\/product_cat?post=799"},{"taxonomy":"product_tag","embeddable":true,"href":"https:\/\/andreasolomun.com\/hr\/wp-json\/wp\/v2\/product_tag?post=799"}],"curies":[{"name":"wp","href":"https:\/\/api.w.org\/{rel}","templated":true}]}}