{"id":798,"date":"2022-05-17T13:51:24","date_gmt":"2022-05-17T11:51:24","guid":{"rendered":"https:\/\/andreasolomun.com\/?post_type=product&#038;p=798"},"modified":"2025-07-27T07:58:09","modified_gmt":"2025-07-27T05:58:09","slug":"body-premium","status":"publish","type":"product","link":"https:\/\/andreasolomun.com\/hr\/webshop\/body-premium\/","title":{"rendered":"&#038;Body Premium"},"content":{"rendered":"<div class=\"fusion-fullwidth fullwidth-box fusion-builder-row-1 fusion-flex-container has-pattern-background has-mask-background nonhundred-percent-fullwidth non-hundred-percent-height-scrolling\" style=\"--awb-border-radius-top-left:30px;--awb-border-radius-top-right:30px;--awb-border-radius-bottom-right:30px;--awb-border-radius-bottom-left:30px;--awb-overflow:hidden;--awb-background-color:var(--awb-custom_color_4);--awb-flex-wrap:wrap;\" ><div class=\"fusion-builder-row fusion-row fusion-flex-align-items-flex-start fusion-flex-content-wrap\" style=\"max-width:1248px;margin-left: calc(-4% \/ 2 );margin-right: calc(-4% \/ 2 );\"><div class=\"fusion-layout-column fusion_builder_column fusion-builder-column-0 fusion_builder_column_1_1 1_1 fusion-flex-column\" style=\"--awb-bg-blend:overlay;--awb-bg-size:cover;--awb-width-large:100%;--awb-margin-top-large:0px;--awb-spacing-right-large:1.92%;--awb-margin-bottom-large:0px;--awb-spacing-left-large:1.92%;--awb-width-medium:100%;--awb-spacing-right-medium:1.92%;--awb-spacing-left-medium:1.92%;--awb-width-small:100%;--awb-spacing-right-small:1.92%;--awb-spacing-left-small:1.92%;\"><div class=\"fusion-column-wrapper fusion-flex-justify-content-flex-start fusion-content-layout-column\"><div class=\"fusion-text fusion-text-1\" style=\"--awb-margin-top:3%;--awb-margin-right:3%;--awb-margin-left:3%;\"><p style=\"padding-left: 40px;\">\u2705 Premium dodatak na &amp;Body 12 tjedni program<\/p>\n<p style=\"padding-left: 40px;\">\u2705 Dva privatna online sata s Andreom<\/p>\n<p style=\"padding-left: 40px;\">\u2705 Prvi sat procjena trenutnog fizi\u010dkog stanja (1x)<\/p>\n<p style=\"padding-left: 40px;\">\u2705 Drugi sat follow up konzultacija tijekom prva tri mjeseca pretplate (1x)<\/p>\n<p style=\"padding-left: 40px;\">\u2705 Nutricionisti\u010dke konzultacije<\/p>\n<p style=\"padding-left: 40px;\">\u2705 Upitnik za pra\u0107enje napretka<\/p>\n<p style=\"padding-left: 40px;\">\u2705 Podr\u0161ka tima unutar Facebook privatne grupe<\/p>\n<p style=\"padding-left: 40px;\">\u2705 Pokloni i popusti partnerskih brendova<\/p>\n<\/div><\/div><\/div><\/div><\/div>\n","protected":false},"excerpt":{"rendered":"<p>Premium dodatak na &amp;Body program, dvije osobne konzultacije s Andreom. Prvi sat s procjenom fizi\u010dkog stanja, drugi nastavna konzultacija, uklju\u010duje i nutricionisti\u010dko savjetovanje.<\/p>\n","protected":false},"featured_media":2639,"template":"","meta":[],"product_brand":[],"product_cat":[34,80],"product_tag":[],"class_list":{"0":"post-798","1":"product","2":"type-product","3":"status-publish","4":"has-post-thumbnail","6":"product_cat-body","7":"product_cat-shop","9":"first","10":"instock","11":"featured","12":"downloadable","13":"virtual","14":"purchasable","15":"product-type-simple"},"yoast_head":"<!-- This site is optimized with the Yoast SEO plugin v27.5 - https:\/\/yoast.com\/product\/yoast-seo-wordpress\/ -->\n<title>&amp;Body Premium - Andrea Solomun<\/title>\n<meta name=\"description\" content=\"45-minutne online konzultacije s Andreom Solomun \u2013 tijekom prva tri mjeseca pretplate na &amp;Body program. Procjena va\u0161eg stanja i nastavna kako napredujete\" \/>\n<meta name=\"robots\" content=\"index, follow, max-snippet:-1, max-image-preview:large, max-video-preview:-1\" \/>\n<link rel=\"canonical\" href=\"https:\/\/andreasolomun.com\/hr\/webshop\/body-premium\/\" \/>\n<meta property=\"og:locale\" content=\"hr_HR\" \/>\n<meta property=\"og:type\" content=\"article\" \/>\n<meta property=\"og:title\" content=\"&amp;Body Premium - Andrea Solomun\" \/>\n<meta property=\"og:description\" content=\"45-minutne online konzultacije s Andreom Solomun \u2013 tijekom prva tri mjeseca pretplate na &amp;Body program. Procjena va\u0161eg stanja i nastavna kako napredujete\" \/>\n<meta property=\"og:url\" content=\"https:\/\/andreasolomun.com\/hr\/webshop\/body-premium\/\" \/>\n<meta property=\"og:site_name\" content=\"Andrea Solomun\" \/>\n<meta property=\"article:publisher\" content=\"https:\/\/www.facebook.com\/andrea.solomun\" \/>\n<meta property=\"article:modified_time\" content=\"2025-07-27T05:58:09+00:00\" \/>\n<meta property=\"og:image\" content=\"https:\/\/andreasolomun.com\/wp-content\/uploads\/2022\/08\/andrea-body-slike-1.jpg\" \/>\n\t<meta property=\"og:image:width\" content=\"1080\" \/>\n\t<meta property=\"og:image:height\" content=\"1080\" \/>\n\t<meta property=\"og:image:type\" content=\"image\/jpeg\" \/>\n<meta name=\"twitter:card\" content=\"summary_large_image\" \/>\n<meta name=\"twitter:label1\" content=\"Procijenjeno vrijeme \u010ditanja\" \/>\n\t<meta name=\"twitter:data1\" content=\"1 minuta\" \/>\n<script type=\"application\/ld+json\" class=\"yoast-schema-graph\">{\"@context\":\"https:\\\/\\\/schema.org\",\"@graph\":[{\"@type\":\"WebPage\",\"@id\":\"https:\\\/\\\/andreasolomun.com\\\/hr\\\/webshop\\\/body-premium\\\/\",\"url\":\"https:\\\/\\\/andreasolomun.com\\\/hr\\\/webshop\\\/body-premium\\\/\",\"name\":\"&Body Premium - Andrea Solomun\",\"isPartOf\":{\"@id\":\"https:\\\/\\\/andreasolomun.com\\\/hr\\\/#website\"},\"primaryImageOfPage\":{\"@id\":\"https:\\\/\\\/andreasolomun.com\\\/hr\\\/webshop\\\/body-premium\\\/#primaryimage\"},\"image\":{\"@id\":\"https:\\\/\\\/andreasolomun.com\\\/hr\\\/webshop\\\/body-premium\\\/#primaryimage\"},\"thumbnailUrl\":\"https:\\\/\\\/andreasolomun.com\\\/wp-content\\\/uploads\\\/2022\\\/08\\\/andrea-body-slike-1.jpg\",\"datePublished\":\"2022-05-17T11:51:24+00:00\",\"dateModified\":\"2025-07-27T05:58:09+00:00\",\"description\":\"45-minutne online konzultacije s Andreom Solomun \u2013 tijekom prva tri mjeseca pretplate na &Body program. Procjena va\u0161eg stanja i nastavna kako napredujete\",\"breadcrumb\":{\"@id\":\"https:\\\/\\\/andreasolomun.com\\\/hr\\\/webshop\\\/body-premium\\\/#breadcrumb\"},\"inLanguage\":\"hr\",\"potentialAction\":[{\"@type\":\"ReadAction\",\"target\":[\"https:\\\/\\\/andreasolomun.com\\\/hr\\\/webshop\\\/body-premium\\\/\"]}]},{\"@type\":\"ImageObject\",\"inLanguage\":\"hr\",\"@id\":\"https:\\\/\\\/andreasolomun.com\\\/hr\\\/webshop\\\/body-premium\\\/#primaryimage\",\"url\":\"https:\\\/\\\/andreasolomun.com\\\/wp-content\\\/uploads\\\/2022\\\/08\\\/andrea-body-slike-1.jpg\",\"contentUrl\":\"https:\\\/\\\/andreasolomun.com\\\/wp-content\\\/uploads\\\/2022\\\/08\\\/andrea-body-slike-1.jpg\",\"width\":1080,\"height\":1080},{\"@type\":\"BreadcrumbList\",\"@id\":\"https:\\\/\\\/andreasolomun.com\\\/hr\\\/webshop\\\/body-premium\\\/#breadcrumb\",\"itemListElement\":[{\"@type\":\"ListItem\",\"position\":1,\"name\":\"Po\u010detna stranica\",\"item\":\"https:\\\/\\\/andreasolomun.com\\\/hr\\\/\"},{\"@type\":\"ListItem\",\"position\":2,\"name\":\"Shop\",\"item\":\"https:\\\/\\\/andreasolomun.com\\\/hr\\\/webshop\\\/\"},{\"@type\":\"ListItem\",\"position\":3,\"name\":\"&#038;Body Premium\"}]},{\"@type\":\"WebSite\",\"@id\":\"https:\\\/\\\/andreasolomun.com\\\/hr\\\/#website\",\"url\":\"https:\\\/\\\/andreasolomun.com\\\/hr\\\/\",\"name\":\"Andrea Solomun\",\"description\":\"&amp;Body i &amp;Ballet programi za fitnes i zdravlje\",\"publisher\":{\"@id\":\"https:\\\/\\\/andreasolomun.com\\\/hr\\\/#organization\"},\"alternateName\":\"&Andrea\",\"potentialAction\":[{\"@type\":\"SearchAction\",\"target\":{\"@type\":\"EntryPoint\",\"urlTemplate\":\"https:\\\/\\\/andreasolomun.com\\\/hr\\\/?s={search_term_string}\"},\"query-input\":{\"@type\":\"PropertyValueSpecification\",\"valueRequired\":true,\"valueName\":\"search_term_string\"}}],\"inLanguage\":\"hr\"},{\"@type\":\"Organization\",\"@id\":\"https:\\\/\\\/andreasolomun.com\\\/hr\\\/#organization\",\"name\":\"&Andrea\",\"url\":\"https:\\\/\\\/andreasolomun.com\\\/hr\\\/\",\"logo\":{\"@type\":\"ImageObject\",\"inLanguage\":\"hr\",\"@id\":\"https:\\\/\\\/andreasolomun.com\\\/hr\\\/#\\\/schema\\\/logo\\\/image\\\/\",\"url\":\"https:\\\/\\\/andreasolomun.com\\\/wp-content\\\/uploads\\\/2023\\\/05\\\/logo-2x.png\",\"contentUrl\":\"https:\\\/\\\/andreasolomun.com\\\/wp-content\\\/uploads\\\/2023\\\/05\\\/logo-2x.png\",\"width\":96,\"height\":112,\"caption\":\"&Andrea\"},\"image\":{\"@id\":\"https:\\\/\\\/andreasolomun.com\\\/hr\\\/#\\\/schema\\\/logo\\\/image\\\/\"},\"sameAs\":[\"https:\\\/\\\/www.facebook.com\\\/andrea.solomun\",\"https:\\\/\\\/www.instagram.com\\\/andreasolomun\\\/\",\"https:\\\/\\\/www.youtube.com\\\/user\\\/AndreaSolomun\",\"https:\\\/\\\/www.facebook.com\\\/trainingcenterandreasroom\\\/\",\"https:\\\/\\\/www.instagram.com\\\/andreas.room\"]}]}<\/script>\n<!-- \/ Yoast SEO plugin. -->","yoast_head_json":{"title":"&Body Premium - Andrea Solomun","description":"45-minutne online konzultacije s Andreom Solomun \u2013 tijekom prva tri mjeseca pretplate na &Body program. Procjena va\u0161eg stanja i nastavna kako napredujete","robots":{"index":"index","follow":"follow","max-snippet":"max-snippet:-1","max-image-preview":"max-image-preview:large","max-video-preview":"max-video-preview:-1"},"canonical":"https:\/\/andreasolomun.com\/hr\/webshop\/body-premium\/","og_locale":"hr_HR","og_type":"article","og_title":"&Body Premium - Andrea Solomun","og_description":"45-minutne online konzultacije s Andreom Solomun \u2013 tijekom prva tri mjeseca pretplate na &Body program. Procjena va\u0161eg stanja i nastavna kako napredujete","og_url":"https:\/\/andreasolomun.com\/hr\/webshop\/body-premium\/","og_site_name":"Andrea Solomun","article_publisher":"https:\/\/www.facebook.com\/andrea.solomun","article_modified_time":"2025-07-27T05:58:09+00:00","og_image":[{"width":1080,"height":1080,"url":"https:\/\/andreasolomun.com\/wp-content\/uploads\/2022\/08\/andrea-body-slike-1.jpg","type":"image\/jpeg"}],"twitter_card":"summary_large_image","twitter_misc":{"Procijenjeno vrijeme \u010ditanja":"1 minuta"},"schema":{"@context":"https:\/\/schema.org","@graph":[{"@type":"WebPage","@id":"https:\/\/andreasolomun.com\/hr\/webshop\/body-premium\/","url":"https:\/\/andreasolomun.com\/hr\/webshop\/body-premium\/","name":"&Body Premium - Andrea Solomun","isPartOf":{"@id":"https:\/\/andreasolomun.com\/hr\/#website"},"primaryImageOfPage":{"@id":"https:\/\/andreasolomun.com\/hr\/webshop\/body-premium\/#primaryimage"},"image":{"@id":"https:\/\/andreasolomun.com\/hr\/webshop\/body-premium\/#primaryimage"},"thumbnailUrl":"https:\/\/andreasolomun.com\/wp-content\/uploads\/2022\/08\/andrea-body-slike-1.jpg","datePublished":"2022-05-17T11:51:24+00:00","dateModified":"2025-07-27T05:58:09+00:00","description":"45-minutne online konzultacije s Andreom Solomun \u2013 tijekom prva tri mjeseca pretplate na &Body program. Procjena va\u0161eg stanja i nastavna kako napredujete","breadcrumb":{"@id":"https:\/\/andreasolomun.com\/hr\/webshop\/body-premium\/#breadcrumb"},"inLanguage":"hr","potentialAction":[{"@type":"ReadAction","target":["https:\/\/andreasolomun.com\/hr\/webshop\/body-premium\/"]}]},{"@type":"ImageObject","inLanguage":"hr","@id":"https:\/\/andreasolomun.com\/hr\/webshop\/body-premium\/#primaryimage","url":"https:\/\/andreasolomun.com\/wp-content\/uploads\/2022\/08\/andrea-body-slike-1.jpg","contentUrl":"https:\/\/andreasolomun.com\/wp-content\/uploads\/2022\/08\/andrea-body-slike-1.jpg","width":1080,"height":1080},{"@type":"BreadcrumbList","@id":"https:\/\/andreasolomun.com\/hr\/webshop\/body-premium\/#breadcrumb","itemListElement":[{"@type":"ListItem","position":1,"name":"Po\u010detna stranica","item":"https:\/\/andreasolomun.com\/hr\/"},{"@type":"ListItem","position":2,"name":"Shop","item":"https:\/\/andreasolomun.com\/hr\/webshop\/"},{"@type":"ListItem","position":3,"name":"&#038;Body Premium"}]},{"@type":"WebSite","@id":"https:\/\/andreasolomun.com\/hr\/#website","url":"https:\/\/andreasolomun.com\/hr\/","name":"Andrea Solomun","description":"&amp;Body i &amp;Ballet programi za fitnes i zdravlje","publisher":{"@id":"https:\/\/andreasolomun.com\/hr\/#organization"},"alternateName":"&Andrea","potentialAction":[{"@type":"SearchAction","target":{"@type":"EntryPoint","urlTemplate":"https:\/\/andreasolomun.com\/hr\/?s={search_term_string}"},"query-input":{"@type":"PropertyValueSpecification","valueRequired":true,"valueName":"search_term_string"}}],"inLanguage":"hr"},{"@type":"Organization","@id":"https:\/\/andreasolomun.com\/hr\/#organization","name":"&Andrea","url":"https:\/\/andreasolomun.com\/hr\/","logo":{"@type":"ImageObject","inLanguage":"hr","@id":"https:\/\/andreasolomun.com\/hr\/#\/schema\/logo\/image\/","url":"https:\/\/andreasolomun.com\/wp-content\/uploads\/2023\/05\/logo-2x.png","contentUrl":"https:\/\/andreasolomun.com\/wp-content\/uploads\/2023\/05\/logo-2x.png","width":96,"height":112,"caption":"&Andrea"},"image":{"@id":"https:\/\/andreasolomun.com\/hr\/#\/schema\/logo\/image\/"},"sameAs":["https:\/\/www.facebook.com\/andrea.solomun","https:\/\/www.instagram.com\/andreasolomun\/","https:\/\/www.youtube.com\/user\/AndreaSolomun","https:\/\/www.facebook.com\/trainingcenterandreasroom\/","https:\/\/www.instagram.com\/andreas.room"]}]}},"_links":{"self":[{"href":"https:\/\/andreasolomun.com\/hr\/wp-json\/wp\/v2\/product\/798","targetHints":{"allow":["GET"]}}],"collection":[{"href":"https:\/\/andreasolomun.com\/hr\/wp-json\/wp\/v2\/product"}],"about":[{"href":"https:\/\/andreasolomun.com\/hr\/wp-json\/wp\/v2\/types\/product"}],"wp:featuredmedia":[{"embeddable":true,"href":"https:\/\/andreasolomun.com\/hr\/wp-json\/wp\/v2\/media\/2639"}],"wp:attachment":[{"href":"https:\/\/andreasolomun.com\/hr\/wp-json\/wp\/v2\/media?parent=798"}],"wp:term":[{"taxonomy":"product_brand","embeddable":true,"href":"https:\/\/andreasolomun.com\/hr\/wp-json\/wp\/v2\/product_brand?post=798"},{"taxonomy":"product_cat","embeddable":true,"href":"https:\/\/andreasolomun.com\/hr\/wp-json\/wp\/v2\/product_cat?post=798"},{"taxonomy":"product_tag","embeddable":true,"href":"https:\/\/andreasolomun.com\/hr\/wp-json\/wp\/v2\/product_tag?post=798"}],"curies":[{"name":"wp","href":"https:\/\/api.w.org\/{rel}","templated":true}]}}