{"id":797,"date":"2022-05-17T13:50:07","date_gmt":"2022-05-17T11:50:07","guid":{"rendered":"https:\/\/andreasolomun.com\/?post_type=product&#038;p=797"},"modified":"2025-07-29T11:06:00","modified_gmt":"2025-07-29T09:06:00","slug":"body","status":"publish","type":"product","link":"https:\/\/andreasolomun.com\/hr\/webshop\/body\/","title":{"rendered":"&#038;Body"},"content":{"rendered":"<div class=\"fusion-fullwidth fullwidth-box fusion-builder-row-1 fusion-flex-container has-pattern-background has-mask-background nonhundred-percent-fullwidth non-hundred-percent-height-scrolling\" style=\"--awb-border-radius-top-left:30px;--awb-border-radius-top-right:30px;--awb-border-radius-bottom-right:30px;--awb-border-radius-bottom-left:30px;--awb-overflow:hidden;--awb-background-color:var(--awb-custom_color_4);--awb-flex-wrap:wrap;\" ><div class=\"fusion-builder-row fusion-row fusion-flex-align-items-flex-start fusion-flex-content-wrap\" style=\"max-width:1248px;margin-left: calc(-4% \/ 2 );margin-right: calc(-4% \/ 2 );\"><div class=\"fusion-layout-column fusion_builder_column fusion-builder-column-0 fusion_builder_column_1_1 1_1 fusion-flex-column\" style=\"--awb-bg-color:var(--awb-custom_color_7);--awb-bg-color-hover:var(--awb-custom_color_7);--awb-bg-size:cover;--awb-width-large:100%;--awb-margin-top-large:0px;--awb-spacing-right-large:1.92%;--awb-margin-bottom-large:0px;--awb-spacing-left-large:1.92%;--awb-width-medium:100%;--awb-order-medium:0;--awb-spacing-right-medium:1.92%;--awb-spacing-left-medium:1.92%;--awb-width-small:100%;--awb-order-small:0;--awb-spacing-right-small:1.92%;--awb-spacing-left-small:1.92%;\" data-scroll-devices=\"small-visibility,medium-visibility,large-visibility\"><div class=\"fusion-column-wrapper fusion-column-has-shadow fusion-flex-justify-content-flex-start fusion-content-layout-column\"><div class=\"fusion-text fusion-text-1\" style=\"--awb-margin-top:3%;--awb-margin-right:3%;--awb-margin-left:3%;\"><p style=\"padding-left: 40px;\">\u2705 Strukturirani program za prvih 12 tjedana i dalje<\/p>\n<p style=\"padding-left: 40px;\">\u2705 Vje\u017ebe snage, kardio, fleksibilnosti i mentalne otpornosti<\/p>\n<p style=\"padding-left: 40px;\">\u2705 Vi\u0161e od 40 video materijala<\/p>\n<p style=\"padding-left: 40px;\">\u2705 E- knjige &#8211; priru\u010dnici<\/p>\n<p style=\"padding-left: 40px;\">\u2705 Upitnik za pra\u0107enje napretka<\/p>\n<p style=\"padding-left: 40px;\">\u2705 Podr\u0161ka unutar Facebook privatne grupe<\/p>\n<p style=\"padding-left: 40px;\">\u2705 Pokloni i popusti partnerskih brendova<\/p>\n<\/div><\/div><\/div><\/div><\/div>\n","protected":false},"excerpt":{"rendered":"<p>Program vje\u017ebi &#8211; kardio, snaga, fleksibilnost, mobilnost i mentalna otpornost. Inicijalni ciklus od 12 tjedana kreiran za trajno usvajanje navika vje\u017ebanja i pobolj\u0161anje kvalitetu svakodnevnog \u017eivota. Fleksibilan po trajanju i sadr\u017eajima, uklju\u010duje obvezne, programske, dodatne i opcionalne vje\u017ebe.<\/p>\n","protected":false},"featured_media":16696,"template":"","meta":[],"product_brand":[],"product_cat":[34,80],"product_tag":[],"class_list":{"0":"post-797","1":"product","2":"type-product","3":"status-publish","4":"has-post-thumbnail","6":"product_cat-body","7":"product_cat-shop","9":"first","10":"instock","11":"featured","12":"downloadable","13":"virtual","14":"purchasable","15":"product-type-subscription"},"yoast_head":"<!-- This site is optimized with the Yoast SEO plugin v27.4 - https:\/\/yoast.com\/product\/yoast-seo-wordpress\/ -->\n<title>&amp;Body - Andrea Solomun<\/title>\n<meta name=\"description\" content=\"&amp;Body - vi\u0161e od 40 video materijala, stru\u010dnih priru\u010dnika i e-knjiga, upitnika za pra\u0107enje napretka, timska podr\u0161ka putem zatvorene Facebook grupe\" \/>\n<meta name=\"robots\" content=\"index, follow, max-snippet:-1, max-image-preview:large, max-video-preview:-1\" \/>\n<link rel=\"canonical\" href=\"https:\/\/andreasolomun.com\/hr\/webshop\/body\/\" \/>\n<meta property=\"og:locale\" content=\"hr_HR\" \/>\n<meta property=\"og:type\" content=\"article\" \/>\n<meta property=\"og:title\" content=\"&amp;Body - Andrea Solomun\" \/>\n<meta property=\"og:description\" content=\"&amp;Body - vi\u0161e od 40 video materijala, stru\u010dnih priru\u010dnika i e-knjiga, upitnika za pra\u0107enje napretka, timska podr\u0161ka putem zatvorene Facebook grupe\" \/>\n<meta property=\"og:url\" content=\"https:\/\/andreasolomun.com\/hr\/webshop\/body\/\" \/>\n<meta property=\"og:site_name\" content=\"Andrea Solomun\" \/>\n<meta property=\"article:publisher\" content=\"https:\/\/www.facebook.com\/andrea.solomun\" \/>\n<meta property=\"article:modified_time\" content=\"2025-07-29T09:06:00+00:00\" \/>\n<meta property=\"og:image\" content=\"https:\/\/andreasolomun.com\/wp-content\/uploads\/2022\/05\/Body-Best-Seller-thin.jpg\" \/>\n\t<meta property=\"og:image:width\" content=\"708\" \/>\n\t<meta property=\"og:image:height\" content=\"656\" \/>\n\t<meta property=\"og:image:type\" content=\"image\/jpeg\" \/>\n<meta name=\"twitter:card\" content=\"summary_large_image\" \/>\n<meta name=\"twitter:label1\" content=\"Procijenjeno vrijeme \u010ditanja\" \/>\n\t<meta name=\"twitter:data1\" content=\"1 minuta\" \/>\n<script type=\"application\/ld+json\" class=\"yoast-schema-graph\">{\"@context\":\"https:\\\/\\\/schema.org\",\"@graph\":[{\"@type\":\"WebPage\",\"@id\":\"https:\\\/\\\/andreasolomun.com\\\/hr\\\/webshop\\\/body\\\/\",\"url\":\"https:\\\/\\\/andreasolomun.com\\\/hr\\\/webshop\\\/body\\\/\",\"name\":\"&Body - Andrea Solomun\",\"isPartOf\":{\"@id\":\"https:\\\/\\\/andreasolomun.com\\\/hr\\\/#website\"},\"primaryImageOfPage\":{\"@id\":\"https:\\\/\\\/andreasolomun.com\\\/hr\\\/webshop\\\/body\\\/#primaryimage\"},\"image\":{\"@id\":\"https:\\\/\\\/andreasolomun.com\\\/hr\\\/webshop\\\/body\\\/#primaryimage\"},\"thumbnailUrl\":\"https:\\\/\\\/andreasolomun.com\\\/wp-content\\\/uploads\\\/2022\\\/05\\\/Body-Best-Seller-thin.jpg\",\"datePublished\":\"2022-05-17T11:50:07+00:00\",\"dateModified\":\"2025-07-29T09:06:00+00:00\",\"description\":\"&Body - vi\u0161e od 40 video materijala, stru\u010dnih priru\u010dnika i e-knjiga, upitnika za pra\u0107enje napretka, timska podr\u0161ka putem zatvorene Facebook grupe\",\"breadcrumb\":{\"@id\":\"https:\\\/\\\/andreasolomun.com\\\/hr\\\/webshop\\\/body\\\/#breadcrumb\"},\"inLanguage\":\"hr\",\"potentialAction\":[{\"@type\":\"ReadAction\",\"target\":[\"https:\\\/\\\/andreasolomun.com\\\/hr\\\/webshop\\\/body\\\/\"]}]},{\"@type\":\"ImageObject\",\"inLanguage\":\"hr\",\"@id\":\"https:\\\/\\\/andreasolomun.com\\\/hr\\\/webshop\\\/body\\\/#primaryimage\",\"url\":\"https:\\\/\\\/andreasolomun.com\\\/wp-content\\\/uploads\\\/2022\\\/05\\\/Body-Best-Seller-thin.jpg\",\"contentUrl\":\"https:\\\/\\\/andreasolomun.com\\\/wp-content\\\/uploads\\\/2022\\\/05\\\/Body-Best-Seller-thin.jpg\",\"width\":708,\"height\":656},{\"@type\":\"BreadcrumbList\",\"@id\":\"https:\\\/\\\/andreasolomun.com\\\/hr\\\/webshop\\\/body\\\/#breadcrumb\",\"itemListElement\":[{\"@type\":\"ListItem\",\"position\":1,\"name\":\"Po\u010detna stranica\",\"item\":\"https:\\\/\\\/andreasolomun.com\\\/hr\\\/\"},{\"@type\":\"ListItem\",\"position\":2,\"name\":\"Shop\",\"item\":\"https:\\\/\\\/andreasolomun.com\\\/hr\\\/webshop\\\/\"},{\"@type\":\"ListItem\",\"position\":3,\"name\":\"&#038;Body\"}]},{\"@type\":\"WebSite\",\"@id\":\"https:\\\/\\\/andreasolomun.com\\\/hr\\\/#website\",\"url\":\"https:\\\/\\\/andreasolomun.com\\\/hr\\\/\",\"name\":\"Andrea Solomun\",\"description\":\"&amp;Body i &amp;Ballet programi za fitnes i zdravlje\",\"publisher\":{\"@id\":\"https:\\\/\\\/andreasolomun.com\\\/hr\\\/#organization\"},\"alternateName\":\"&Andrea\",\"potentialAction\":[{\"@type\":\"SearchAction\",\"target\":{\"@type\":\"EntryPoint\",\"urlTemplate\":\"https:\\\/\\\/andreasolomun.com\\\/hr\\\/?s={search_term_string}\"},\"query-input\":{\"@type\":\"PropertyValueSpecification\",\"valueRequired\":true,\"valueName\":\"search_term_string\"}}],\"inLanguage\":\"hr\"},{\"@type\":\"Organization\",\"@id\":\"https:\\\/\\\/andreasolomun.com\\\/hr\\\/#organization\",\"name\":\"&Andrea\",\"url\":\"https:\\\/\\\/andreasolomun.com\\\/hr\\\/\",\"logo\":{\"@type\":\"ImageObject\",\"inLanguage\":\"hr\",\"@id\":\"https:\\\/\\\/andreasolomun.com\\\/hr\\\/#\\\/schema\\\/logo\\\/image\\\/\",\"url\":\"https:\\\/\\\/andreasolomun.com\\\/wp-content\\\/uploads\\\/2023\\\/05\\\/logo-2x.png\",\"contentUrl\":\"https:\\\/\\\/andreasolomun.com\\\/wp-content\\\/uploads\\\/2023\\\/05\\\/logo-2x.png\",\"width\":96,\"height\":112,\"caption\":\"&Andrea\"},\"image\":{\"@id\":\"https:\\\/\\\/andreasolomun.com\\\/hr\\\/#\\\/schema\\\/logo\\\/image\\\/\"},\"sameAs\":[\"https:\\\/\\\/www.facebook.com\\\/andrea.solomun\",\"https:\\\/\\\/www.instagram.com\\\/andreasolomun\\\/\",\"https:\\\/\\\/www.youtube.com\\\/user\\\/AndreaSolomun\",\"https:\\\/\\\/www.facebook.com\\\/trainingcenterandreasroom\\\/\",\"https:\\\/\\\/www.instagram.com\\\/andreas.room\"]}]}<\/script>\n<!-- \/ Yoast SEO plugin. -->","yoast_head_json":{"title":"&Body - Andrea Solomun","description":"&Body - vi\u0161e od 40 video materijala, stru\u010dnih priru\u010dnika i e-knjiga, upitnika za pra\u0107enje napretka, timska podr\u0161ka putem zatvorene Facebook grupe","robots":{"index":"index","follow":"follow","max-snippet":"max-snippet:-1","max-image-preview":"max-image-preview:large","max-video-preview":"max-video-preview:-1"},"canonical":"https:\/\/andreasolomun.com\/hr\/webshop\/body\/","og_locale":"hr_HR","og_type":"article","og_title":"&Body - Andrea Solomun","og_description":"&Body - vi\u0161e od 40 video materijala, stru\u010dnih priru\u010dnika i e-knjiga, upitnika za pra\u0107enje napretka, timska podr\u0161ka putem zatvorene Facebook grupe","og_url":"https:\/\/andreasolomun.com\/hr\/webshop\/body\/","og_site_name":"Andrea Solomun","article_publisher":"https:\/\/www.facebook.com\/andrea.solomun","article_modified_time":"2025-07-29T09:06:00+00:00","og_image":[{"width":708,"height":656,"url":"https:\/\/andreasolomun.com\/wp-content\/uploads\/2022\/05\/Body-Best-Seller-thin.jpg","type":"image\/jpeg"}],"twitter_card":"summary_large_image","twitter_misc":{"Procijenjeno vrijeme \u010ditanja":"1 minuta"},"schema":{"@context":"https:\/\/schema.org","@graph":[{"@type":"WebPage","@id":"https:\/\/andreasolomun.com\/hr\/webshop\/body\/","url":"https:\/\/andreasolomun.com\/hr\/webshop\/body\/","name":"&Body - Andrea Solomun","isPartOf":{"@id":"https:\/\/andreasolomun.com\/hr\/#website"},"primaryImageOfPage":{"@id":"https:\/\/andreasolomun.com\/hr\/webshop\/body\/#primaryimage"},"image":{"@id":"https:\/\/andreasolomun.com\/hr\/webshop\/body\/#primaryimage"},"thumbnailUrl":"https:\/\/andreasolomun.com\/wp-content\/uploads\/2022\/05\/Body-Best-Seller-thin.jpg","datePublished":"2022-05-17T11:50:07+00:00","dateModified":"2025-07-29T09:06:00+00:00","description":"&Body - vi\u0161e od 40 video materijala, stru\u010dnih priru\u010dnika i e-knjiga, upitnika za pra\u0107enje napretka, timska podr\u0161ka putem zatvorene Facebook grupe","breadcrumb":{"@id":"https:\/\/andreasolomun.com\/hr\/webshop\/body\/#breadcrumb"},"inLanguage":"hr","potentialAction":[{"@type":"ReadAction","target":["https:\/\/andreasolomun.com\/hr\/webshop\/body\/"]}]},{"@type":"ImageObject","inLanguage":"hr","@id":"https:\/\/andreasolomun.com\/hr\/webshop\/body\/#primaryimage","url":"https:\/\/andreasolomun.com\/wp-content\/uploads\/2022\/05\/Body-Best-Seller-thin.jpg","contentUrl":"https:\/\/andreasolomun.com\/wp-content\/uploads\/2022\/05\/Body-Best-Seller-thin.jpg","width":708,"height":656},{"@type":"BreadcrumbList","@id":"https:\/\/andreasolomun.com\/hr\/webshop\/body\/#breadcrumb","itemListElement":[{"@type":"ListItem","position":1,"name":"Po\u010detna stranica","item":"https:\/\/andreasolomun.com\/hr\/"},{"@type":"ListItem","position":2,"name":"Shop","item":"https:\/\/andreasolomun.com\/hr\/webshop\/"},{"@type":"ListItem","position":3,"name":"&#038;Body"}]},{"@type":"WebSite","@id":"https:\/\/andreasolomun.com\/hr\/#website","url":"https:\/\/andreasolomun.com\/hr\/","name":"Andrea Solomun","description":"&amp;Body i &amp;Ballet programi za fitnes i zdravlje","publisher":{"@id":"https:\/\/andreasolomun.com\/hr\/#organization"},"alternateName":"&Andrea","potentialAction":[{"@type":"SearchAction","target":{"@type":"EntryPoint","urlTemplate":"https:\/\/andreasolomun.com\/hr\/?s={search_term_string}"},"query-input":{"@type":"PropertyValueSpecification","valueRequired":true,"valueName":"search_term_string"}}],"inLanguage":"hr"},{"@type":"Organization","@id":"https:\/\/andreasolomun.com\/hr\/#organization","name":"&Andrea","url":"https:\/\/andreasolomun.com\/hr\/","logo":{"@type":"ImageObject","inLanguage":"hr","@id":"https:\/\/andreasolomun.com\/hr\/#\/schema\/logo\/image\/","url":"https:\/\/andreasolomun.com\/wp-content\/uploads\/2023\/05\/logo-2x.png","contentUrl":"https:\/\/andreasolomun.com\/wp-content\/uploads\/2023\/05\/logo-2x.png","width":96,"height":112,"caption":"&Andrea"},"image":{"@id":"https:\/\/andreasolomun.com\/hr\/#\/schema\/logo\/image\/"},"sameAs":["https:\/\/www.facebook.com\/andrea.solomun","https:\/\/www.instagram.com\/andreasolomun\/","https:\/\/www.youtube.com\/user\/AndreaSolomun","https:\/\/www.facebook.com\/trainingcenterandreasroom\/","https:\/\/www.instagram.com\/andreas.room"]}]}},"_links":{"self":[{"href":"https:\/\/andreasolomun.com\/hr\/wp-json\/wp\/v2\/product\/797","targetHints":{"allow":["GET"]}}],"collection":[{"href":"https:\/\/andreasolomun.com\/hr\/wp-json\/wp\/v2\/product"}],"about":[{"href":"https:\/\/andreasolomun.com\/hr\/wp-json\/wp\/v2\/types\/product"}],"wp:featuredmedia":[{"embeddable":true,"href":"https:\/\/andreasolomun.com\/hr\/wp-json\/wp\/v2\/media\/16696"}],"wp:attachment":[{"href":"https:\/\/andreasolomun.com\/hr\/wp-json\/wp\/v2\/media?parent=797"}],"wp:term":[{"taxonomy":"product_brand","embeddable":true,"href":"https:\/\/andreasolomun.com\/hr\/wp-json\/wp\/v2\/product_brand?post=797"},{"taxonomy":"product_cat","embeddable":true,"href":"https:\/\/andreasolomun.com\/hr\/wp-json\/wp\/v2\/product_cat?post=797"},{"taxonomy":"product_tag","embeddable":true,"href":"https:\/\/andreasolomun.com\/hr\/wp-json\/wp\/v2\/product_tag?post=797"}],"curies":[{"name":"wp","href":"https:\/\/api.w.org\/{rel}","templated":true}]}}