{"id":20726,"date":"2024-11-13T06:02:25","date_gmt":"2024-11-13T05:02:25","guid":{"rendered":"https:\/\/andreasolomun.com\/?post_type=product&#038;p=20726"},"modified":"2025-01-04T15:40:41","modified_gmt":"2025-01-04T14:40:41","slug":"protein-101","status":"publish","type":"product","link":"https:\/\/andreasolomun.com\/hr\/webshop\/protein-101\/","title":{"rendered":"Proteini 101"},"content":{"rendered":"<div class=\"fusion-fullwidth fullwidth-box fusion-builder-row-1 fusion-flex-container has-pattern-background has-mask-background nonhundred-percent-fullwidth non-hundred-percent-height-scrolling\" style=\"--awb-border-radius-top-left:0px;--awb-border-radius-top-right:0px;--awb-border-radius-bottom-right:0px;--awb-border-radius-bottom-left:0px;--awb-flex-wrap:wrap;\" ><div class=\"fusion-builder-row fusion-row fusion-flex-align-items-flex-start fusion-flex-content-wrap\" style=\"max-width:1248px;margin-left: calc(-4% \/ 2 );margin-right: calc(-4% \/ 2 );\"><div class=\"fusion-layout-column fusion_builder_column fusion-builder-column-0 fusion_builder_column_1_1 1_1 fusion-flex-column\" style=\"--awb-bg-size:cover;--awb-width-large:100%;--awb-margin-top-large:0px;--awb-spacing-right-large:1.92%;--awb-margin-bottom-large:20px;--awb-spacing-left-large:1.92%;--awb-width-medium:100%;--awb-order-medium:0;--awb-spacing-right-medium:1.92%;--awb-spacing-left-medium:1.92%;--awb-width-small:100%;--awb-order-small:0;--awb-spacing-right-small:1.92%;--awb-spacing-left-small:1.92%;\"><div class=\"fusion-column-wrapper fusion-column-has-shadow fusion-flex-justify-content-flex-start fusion-content-layout-column\"><div class=\"fusion-text fusion-text-1\"><p>Kuharica nastala temeljem vlastitog iskustva, usmjerena na unos proteina, sadr\u017ei niz recepata od doru\u010dka do slastica. Sadr\u017ei ukusne, jednostavne i brze nutritivno bogate recepte koji inspiriraju na u\u017eivanje u svakom zalogaju bez brige o kalorijama.<\/p>\n<p>Omogu\u0107avaju vam da prehranu prilagodite prema vlastitim \u017eeljama, \u017eivotnom stilu i promjenama koje donosi \u017eivot, a da pritom osna\u017eite tijelo i postignete nutritivnu ravnote\u017eu.<\/p>\n<\/div><\/div><\/div><\/div><\/div>\n","protected":false},"excerpt":{"rendered":"<p>Usmjerena na unos proteina, kuharica je odraz vlasitog iskustva u prehrani koja ne oduzima u\u017eitak u hrani. donosi niz recepata od doru\u010dka do slastica. Jednostavnih, brzih, prilagodljivih.<\/p>\n","protected":false},"featured_media":20851,"template":"","meta":[],"product_brand":[],"product_cat":[188,80],"product_tag":[],"class_list":{"0":"post-20726","1":"product","2":"type-product","3":"status-publish","4":"has-post-thumbnail","6":"product_cat-book","7":"product_cat-shop","9":"first","10":"instock","11":"featured","12":"downloadable","13":"virtual","14":"purchasable","15":"product-type-simple"},"yoast_head":"<!-- This site is optimized with the Yoast SEO plugin v27.4 - https:\/\/yoast.com\/product\/yoast-seo-wordpress\/ -->\n<title>Proteini 101 - Andrea Solomun<\/title>\n<meta name=\"description\" content=\"Kuharica usmjerena na unos proteina, odraz je vlasitog iskustva u prehrani koja ne oduzima u\u017eitak u hrani. Proteini su klju\u010dni za va\u0161u energiju i svakodnevne aktivnosti, dr\u017ee vas sitima i zdravima\" \/>\n<meta name=\"robots\" content=\"index, follow, max-snippet:-1, max-image-preview:large, max-video-preview:-1\" \/>\n<link rel=\"canonical\" href=\"https:\/\/andreasolomun.com\/hr\/webshop\/protein-101\/\" \/>\n<meta property=\"og:locale\" content=\"hr_HR\" \/>\n<meta property=\"og:type\" content=\"article\" \/>\n<meta property=\"og:title\" content=\"Proteini 101 - Andrea Solomun\" \/>\n<meta property=\"og:description\" content=\"Kuharica usmjerena na unos proteina, odraz je vlasitog iskustva u prehrani koja ne oduzima u\u017eitak u hrani. Proteini su klju\u010dni za va\u0161u energiju i svakodnevne aktivnosti, dr\u017ee vas sitima i zdravima\" \/>\n<meta property=\"og:url\" content=\"https:\/\/andreasolomun.com\/hr\/webshop\/protein-101\/\" \/>\n<meta property=\"og:site_name\" content=\"Andrea Solomun\" \/>\n<meta property=\"article:publisher\" content=\"https:\/\/www.facebook.com\/andrea.solomun\" \/>\n<meta property=\"article:modified_time\" content=\"2025-01-04T14:40:41+00:00\" \/>\n<meta property=\"og:image\" content=\"https:\/\/andreasolomun.com\/wp-content\/uploads\/2024\/11\/IMG-20241208-WA0059-za-w.jpg\" \/>\n\t<meta property=\"og:image:width\" content=\"1119\" \/>\n\t<meta property=\"og:image:height\" content=\"1388\" \/>\n\t<meta property=\"og:image:type\" content=\"image\/jpeg\" \/>\n<meta name=\"twitter:card\" content=\"summary_large_image\" \/>\n<meta name=\"twitter:label1\" content=\"Procijenjeno vrijeme \u010ditanja\" \/>\n\t<meta name=\"twitter:data1\" content=\"1 minuta\" \/>\n<script type=\"application\/ld+json\" class=\"yoast-schema-graph\">{\"@context\":\"https:\\\/\\\/schema.org\",\"@graph\":[{\"@type\":\"WebPage\",\"@id\":\"https:\\\/\\\/andreasolomun.com\\\/hr\\\/webshop\\\/protein-101\\\/\",\"url\":\"https:\\\/\\\/andreasolomun.com\\\/hr\\\/webshop\\\/protein-101\\\/\",\"name\":\"Proteini 101 - Andrea Solomun\",\"isPartOf\":{\"@id\":\"https:\\\/\\\/andreasolomun.com\\\/hr\\\/#website\"},\"primaryImageOfPage\":{\"@id\":\"https:\\\/\\\/andreasolomun.com\\\/hr\\\/webshop\\\/protein-101\\\/#primaryimage\"},\"image\":{\"@id\":\"https:\\\/\\\/andreasolomun.com\\\/hr\\\/webshop\\\/protein-101\\\/#primaryimage\"},\"thumbnailUrl\":\"https:\\\/\\\/andreasolomun.com\\\/wp-content\\\/uploads\\\/2024\\\/11\\\/IMG-20241208-WA0059-za-w.jpg\",\"datePublished\":\"2024-11-13T05:02:25+00:00\",\"dateModified\":\"2025-01-04T14:40:41+00:00\",\"description\":\"Kuharica usmjerena na unos proteina, odraz je vlasitog iskustva u prehrani koja ne oduzima u\u017eitak u hrani. Proteini su klju\u010dni za va\u0161u energiju i svakodnevne aktivnosti, dr\u017ee vas sitima i zdravima\",\"breadcrumb\":{\"@id\":\"https:\\\/\\\/andreasolomun.com\\\/hr\\\/webshop\\\/protein-101\\\/#breadcrumb\"},\"inLanguage\":\"hr\",\"potentialAction\":[{\"@type\":\"ReadAction\",\"target\":[\"https:\\\/\\\/andreasolomun.com\\\/hr\\\/webshop\\\/protein-101\\\/\"]}]},{\"@type\":\"ImageObject\",\"inLanguage\":\"hr\",\"@id\":\"https:\\\/\\\/andreasolomun.com\\\/hr\\\/webshop\\\/protein-101\\\/#primaryimage\",\"url\":\"https:\\\/\\\/andreasolomun.com\\\/wp-content\\\/uploads\\\/2024\\\/11\\\/IMG-20241208-WA0059-za-w.jpg\",\"contentUrl\":\"https:\\\/\\\/andreasolomun.com\\\/wp-content\\\/uploads\\\/2024\\\/11\\\/IMG-20241208-WA0059-za-w.jpg\",\"width\":1119,\"height\":1388},{\"@type\":\"BreadcrumbList\",\"@id\":\"https:\\\/\\\/andreasolomun.com\\\/hr\\\/webshop\\\/protein-101\\\/#breadcrumb\",\"itemListElement\":[{\"@type\":\"ListItem\",\"position\":1,\"name\":\"Po\u010detna stranica\",\"item\":\"https:\\\/\\\/andreasolomun.com\\\/hr\\\/\"},{\"@type\":\"ListItem\",\"position\":2,\"name\":\"Shop\",\"item\":\"https:\\\/\\\/andreasolomun.com\\\/hr\\\/webshop\\\/\"},{\"@type\":\"ListItem\",\"position\":3,\"name\":\"Proteini 101\"}]},{\"@type\":\"WebSite\",\"@id\":\"https:\\\/\\\/andreasolomun.com\\\/hr\\\/#website\",\"url\":\"https:\\\/\\\/andreasolomun.com\\\/hr\\\/\",\"name\":\"Andrea Solomun\",\"description\":\"&amp;Body i &amp;Ballet programi za fitnes i zdravlje\",\"publisher\":{\"@id\":\"https:\\\/\\\/andreasolomun.com\\\/hr\\\/#organization\"},\"alternateName\":\"&Andrea\",\"potentialAction\":[{\"@type\":\"SearchAction\",\"target\":{\"@type\":\"EntryPoint\",\"urlTemplate\":\"https:\\\/\\\/andreasolomun.com\\\/hr\\\/?s={search_term_string}\"},\"query-input\":{\"@type\":\"PropertyValueSpecification\",\"valueRequired\":true,\"valueName\":\"search_term_string\"}}],\"inLanguage\":\"hr\"},{\"@type\":\"Organization\",\"@id\":\"https:\\\/\\\/andreasolomun.com\\\/hr\\\/#organization\",\"name\":\"&Andrea\",\"url\":\"https:\\\/\\\/andreasolomun.com\\\/hr\\\/\",\"logo\":{\"@type\":\"ImageObject\",\"inLanguage\":\"hr\",\"@id\":\"https:\\\/\\\/andreasolomun.com\\\/hr\\\/#\\\/schema\\\/logo\\\/image\\\/\",\"url\":\"https:\\\/\\\/andreasolomun.com\\\/wp-content\\\/uploads\\\/2023\\\/05\\\/logo-2x.png\",\"contentUrl\":\"https:\\\/\\\/andreasolomun.com\\\/wp-content\\\/uploads\\\/2023\\\/05\\\/logo-2x.png\",\"width\":96,\"height\":112,\"caption\":\"&Andrea\"},\"image\":{\"@id\":\"https:\\\/\\\/andreasolomun.com\\\/hr\\\/#\\\/schema\\\/logo\\\/image\\\/\"},\"sameAs\":[\"https:\\\/\\\/www.facebook.com\\\/andrea.solomun\",\"https:\\\/\\\/www.instagram.com\\\/andreasolomun\\\/\",\"https:\\\/\\\/www.youtube.com\\\/user\\\/AndreaSolomun\",\"https:\\\/\\\/www.facebook.com\\\/trainingcenterandreasroom\\\/\",\"https:\\\/\\\/www.instagram.com\\\/andreas.room\"]}]}<\/script>\n<!-- \/ Yoast SEO plugin. -->","yoast_head_json":{"title":"Proteini 101 - Andrea Solomun","description":"Kuharica usmjerena na unos proteina, odraz je vlasitog iskustva u prehrani koja ne oduzima u\u017eitak u hrani. Proteini su klju\u010dni za va\u0161u energiju i svakodnevne aktivnosti, dr\u017ee vas sitima i zdravima","robots":{"index":"index","follow":"follow","max-snippet":"max-snippet:-1","max-image-preview":"max-image-preview:large","max-video-preview":"max-video-preview:-1"},"canonical":"https:\/\/andreasolomun.com\/hr\/webshop\/protein-101\/","og_locale":"hr_HR","og_type":"article","og_title":"Proteini 101 - Andrea Solomun","og_description":"Kuharica usmjerena na unos proteina, odraz je vlasitog iskustva u prehrani koja ne oduzima u\u017eitak u hrani. Proteini su klju\u010dni za va\u0161u energiju i svakodnevne aktivnosti, dr\u017ee vas sitima i zdravima","og_url":"https:\/\/andreasolomun.com\/hr\/webshop\/protein-101\/","og_site_name":"Andrea Solomun","article_publisher":"https:\/\/www.facebook.com\/andrea.solomun","article_modified_time":"2025-01-04T14:40:41+00:00","og_image":[{"width":1119,"height":1388,"url":"https:\/\/andreasolomun.com\/wp-content\/uploads\/2024\/11\/IMG-20241208-WA0059-za-w.jpg","type":"image\/jpeg"}],"twitter_card":"summary_large_image","twitter_misc":{"Procijenjeno vrijeme \u010ditanja":"1 minuta"},"schema":{"@context":"https:\/\/schema.org","@graph":[{"@type":"WebPage","@id":"https:\/\/andreasolomun.com\/hr\/webshop\/protein-101\/","url":"https:\/\/andreasolomun.com\/hr\/webshop\/protein-101\/","name":"Proteini 101 - Andrea Solomun","isPartOf":{"@id":"https:\/\/andreasolomun.com\/hr\/#website"},"primaryImageOfPage":{"@id":"https:\/\/andreasolomun.com\/hr\/webshop\/protein-101\/#primaryimage"},"image":{"@id":"https:\/\/andreasolomun.com\/hr\/webshop\/protein-101\/#primaryimage"},"thumbnailUrl":"https:\/\/andreasolomun.com\/wp-content\/uploads\/2024\/11\/IMG-20241208-WA0059-za-w.jpg","datePublished":"2024-11-13T05:02:25+00:00","dateModified":"2025-01-04T14:40:41+00:00","description":"Kuharica usmjerena na unos proteina, odraz je vlasitog iskustva u prehrani koja ne oduzima u\u017eitak u hrani. Proteini su klju\u010dni za va\u0161u energiju i svakodnevne aktivnosti, dr\u017ee vas sitima i zdravima","breadcrumb":{"@id":"https:\/\/andreasolomun.com\/hr\/webshop\/protein-101\/#breadcrumb"},"inLanguage":"hr","potentialAction":[{"@type":"ReadAction","target":["https:\/\/andreasolomun.com\/hr\/webshop\/protein-101\/"]}]},{"@type":"ImageObject","inLanguage":"hr","@id":"https:\/\/andreasolomun.com\/hr\/webshop\/protein-101\/#primaryimage","url":"https:\/\/andreasolomun.com\/wp-content\/uploads\/2024\/11\/IMG-20241208-WA0059-za-w.jpg","contentUrl":"https:\/\/andreasolomun.com\/wp-content\/uploads\/2024\/11\/IMG-20241208-WA0059-za-w.jpg","width":1119,"height":1388},{"@type":"BreadcrumbList","@id":"https:\/\/andreasolomun.com\/hr\/webshop\/protein-101\/#breadcrumb","itemListElement":[{"@type":"ListItem","position":1,"name":"Po\u010detna stranica","item":"https:\/\/andreasolomun.com\/hr\/"},{"@type":"ListItem","position":2,"name":"Shop","item":"https:\/\/andreasolomun.com\/hr\/webshop\/"},{"@type":"ListItem","position":3,"name":"Proteini 101"}]},{"@type":"WebSite","@id":"https:\/\/andreasolomun.com\/hr\/#website","url":"https:\/\/andreasolomun.com\/hr\/","name":"Andrea Solomun","description":"&amp;Body i &amp;Ballet programi za fitnes i zdravlje","publisher":{"@id":"https:\/\/andreasolomun.com\/hr\/#organization"},"alternateName":"&Andrea","potentialAction":[{"@type":"SearchAction","target":{"@type":"EntryPoint","urlTemplate":"https:\/\/andreasolomun.com\/hr\/?s={search_term_string}"},"query-input":{"@type":"PropertyValueSpecification","valueRequired":true,"valueName":"search_term_string"}}],"inLanguage":"hr"},{"@type":"Organization","@id":"https:\/\/andreasolomun.com\/hr\/#organization","name":"&Andrea","url":"https:\/\/andreasolomun.com\/hr\/","logo":{"@type":"ImageObject","inLanguage":"hr","@id":"https:\/\/andreasolomun.com\/hr\/#\/schema\/logo\/image\/","url":"https:\/\/andreasolomun.com\/wp-content\/uploads\/2023\/05\/logo-2x.png","contentUrl":"https:\/\/andreasolomun.com\/wp-content\/uploads\/2023\/05\/logo-2x.png","width":96,"height":112,"caption":"&Andrea"},"image":{"@id":"https:\/\/andreasolomun.com\/hr\/#\/schema\/logo\/image\/"},"sameAs":["https:\/\/www.facebook.com\/andrea.solomun","https:\/\/www.instagram.com\/andreasolomun\/","https:\/\/www.youtube.com\/user\/AndreaSolomun","https:\/\/www.facebook.com\/trainingcenterandreasroom\/","https:\/\/www.instagram.com\/andreas.room"]}]}},"_links":{"self":[{"href":"https:\/\/andreasolomun.com\/hr\/wp-json\/wp\/v2\/product\/20726","targetHints":{"allow":["GET"]}}],"collection":[{"href":"https:\/\/andreasolomun.com\/hr\/wp-json\/wp\/v2\/product"}],"about":[{"href":"https:\/\/andreasolomun.com\/hr\/wp-json\/wp\/v2\/types\/product"}],"wp:featuredmedia":[{"embeddable":true,"href":"https:\/\/andreasolomun.com\/hr\/wp-json\/wp\/v2\/media\/20851"}],"wp:attachment":[{"href":"https:\/\/andreasolomun.com\/hr\/wp-json\/wp\/v2\/media?parent=20726"}],"wp:term":[{"taxonomy":"product_brand","embeddable":true,"href":"https:\/\/andreasolomun.com\/hr\/wp-json\/wp\/v2\/product_brand?post=20726"},{"taxonomy":"product_cat","embeddable":true,"href":"https:\/\/andreasolomun.com\/hr\/wp-json\/wp\/v2\/product_cat?post=20726"},{"taxonomy":"product_tag","embeddable":true,"href":"https:\/\/andreasolomun.com\/hr\/wp-json\/wp\/v2\/product_tag?post=20726"}],"curies":[{"name":"wp","href":"https:\/\/api.w.org\/{rel}","templated":true}]}}