{"id":32,"date":"2022-01-08T03:59:46","date_gmt":"2022-01-08T02:59:46","guid":{"rendered":"http:\/\/andrea-solomun.loc\/?page_id=32"},"modified":"2025-04-29T06:09:34","modified_gmt":"2025-04-29T04:09:34","slug":"ukljucite-se","status":"publish","type":"page","link":"https:\/\/andreasolomun.com\/hr\/aroom\/ukljucite-se\/","title":{"rendered":"Uklju\u010dite se"},"content":{"rendered":"<p><div class=\"fusion-fullwidth fullwidth-box fusion-builder-row-1 fusion-flex-container nonhundred-percent-fullwidth non-hundred-percent-height-scrolling\" style=\"--awb-border-radius-top-left:0px;--awb-border-radius-top-right:0px;--awb-border-radius-bottom-right:0px;--awb-border-radius-bottom-left:0px;--awb-flex-wrap:wrap;\" ><div class=\"fusion-builder-row fusion-row fusion-flex-align-items-flex-start fusion-flex-content-wrap\" style=\"max-width:1248px;margin-left: calc(-4% \/ 2 );margin-right: calc(-4% \/ 2 );\"><div class=\"fusion-layout-column fusion_builder_column fusion-builder-column-0 fusion_builder_column_1_1 1_1 fusion-flex-column\" style=\"--awb-bg-blend:overlay;--awb-bg-size:cover;--awb-width-large:100%;--awb-margin-top-large:0px;--awb-spacing-right-large:1.92%;--awb-margin-bottom-large:0px;--awb-spacing-left-large:1.92%;--awb-width-medium:100%;--awb-spacing-right-medium:1.92%;--awb-spacing-left-medium:1.92%;--awb-width-small:100%;--awb-spacing-right-small:1.92%;--awb-spacing-left-small:1.92%;\"><div class=\"fusion-column-wrapper fusion-flex-justify-content-flex-start fusion-content-layout-column\"><div class=\"fusion-text fusion-text-1\"><h1 class=\"fusion-responsive-typography-calculated\" style=\"text-align: center; --fontsize: 60; line-height: 1.2; font-size: 50px;\" data-fontsize=\"60\" data-lineheight=\"72px\" data-fusion-font=\"true\">Uklju\u010dite se u na\u0161 program!<\/h1>\n<h3 class=\"fusion-responsive-typography-calculated\" style=\"text-align: center; --fontsize: 30; line-height: 1.2;\" data-fontsize=\"30\" data-lineheight=\"36px\">Isprobajte treninge u Andrea&#8217;s Room boutique gym.<\/h3>\n<p style=\"text-align: center;\">Ispunite obrazac i uklju\u010dite se! Ili do\u0111ite osobno izme\u0111u 17 &#8211; 20 sati na recepciju.<\/p>\n<\/div><\/div><\/div><\/div><\/div><div class=\"fusion-fullwidth fullwidth-box fusion-builder-row-2 fusion-flex-container has-pattern-background has-mask-background nonhundred-percent-fullwidth non-hundred-percent-height-scrolling\" style=\"--awb-border-radius-top-left:0px;--awb-border-radius-top-right:0px;--awb-border-radius-bottom-right:0px;--awb-border-radius-bottom-left:0px;--awb-padding-bottom:0px;--awb-margin-bottom:0px;--awb-flex-wrap:wrap;\" ><div class=\"fusion-builder-row fusion-row fusion-flex-align-items-center fusion-flex-justify-content-center fusion-flex-content-wrap\" style=\"max-width:1248px;margin-left: calc(-4% \/ 2 );margin-right: calc(-4% \/ 2 );\"><div class=\"fusion-layout-column fusion_builder_column fusion-builder-column-1 fusion_builder_column_2_3 2_3 fusion-flex-column fusion-flex-align-self-center\" style=\"--awb-padding-top:30px;--awb-padding-right:40px;--awb-padding-bottom:30px;--awb-padding-left:40px;--awb-overflow:hidden;--awb-bg-color:var(--awb-custom_color_1);--awb-bg-color-hover:var(--awb-custom_color_1);--awb-bg-size:cover;--awb-border-radius:10px 10px 10px 10px;--awb-width-large:66.666666666667%;--awb-margin-top-large:0px;--awb-spacing-right-large:3.456%;--awb-margin-bottom-large:20px;--awb-spacing-left-large:2.88%;--awb-width-medium:66.666666666667%;--awb-order-medium:0;--awb-spacing-right-medium:3.456%;--awb-spacing-left-medium:2.88%;--awb-width-small:100%;--awb-order-small:0;--awb-spacing-right-small:2.304%;--awb-spacing-left-small:1.92%;\" data-scroll-devices=\"small-visibility,medium-visibility,large-visibility\"><div class=\"fusion-column-wrapper fusion-column-has-shadow fusion-flex-justify-content-flex-start fusion-content-layout-column\">\n<div class=\"wpcf7 no-js\" id=\"wpcf7-f434-o1\" lang=\"hr\" dir=\"ltr\" data-wpcf7-id=\"434\">\n<div class=\"screen-reader-response\"><p role=\"status\" aria-live=\"polite\" aria-atomic=\"true\"><\/p> <ul><\/ul><\/div>\n<form action=\"\/hr\/wp-json\/wp\/v2\/pages\/32#wpcf7-f434-o1\" method=\"post\" class=\"wpcf7-form init\" aria-label=\"Kontakt obrazac\" novalidate=\"novalidate\" data-status=\"init\">\n<fieldset class=\"hidden-fields-container\"><input type=\"hidden\" name=\"_wpcf7\" value=\"434\" \/><input type=\"hidden\" name=\"_wpcf7_version\" value=\"6.1.5\" \/><input type=\"hidden\" name=\"_wpcf7_locale\" value=\"hr\" \/><input type=\"hidden\" name=\"_wpcf7_unit_tag\" value=\"wpcf7-f434-o1\" \/><input type=\"hidden\" name=\"_wpcf7_container_post\" value=\"0\" \/><input type=\"hidden\" name=\"_wpcf7_posted_data_hash\" value=\"\" \/>\n<\/fieldset>\n<p><label> Ime i prezime<br \/>\n<span class=\"wpcf7-form-control-wrap\" data-name=\"your-name\"><input size=\"40\" maxlength=\"400\" class=\"wpcf7-form-control wpcf7-text wpcf7-validates-as-required\" aria-required=\"true\" aria-invalid=\"false\" value=\"\" type=\"text\" name=\"your-name\" \/><\/span> <\/label>\n<\/p>\n<p><label> Va\u0161a e-po\u0161ta<br \/>\n<span class=\"wpcf7-form-control-wrap\" data-name=\"your-email\"><input size=\"40\" maxlength=\"400\" class=\"wpcf7-form-control wpcf7-email wpcf7-validates-as-required wpcf7-text wpcf7-validates-as-email\" aria-required=\"true\" aria-invalid=\"false\" value=\"\" type=\"email\" name=\"your-email\" \/><\/span> <\/label>\n<\/p>\n<p><label> Telefon<br \/>\n<span class=\"wpcf7-form-control-wrap\" data-name=\"your-subject\"><input size=\"40\" maxlength=\"400\" class=\"wpcf7-form-control wpcf7-text wpcf7-validates-as-required\" aria-required=\"true\" aria-invalid=\"false\" value=\"\" type=\"text\" name=\"your-subject\" \/><\/span> <\/label>\n<\/p>\n<p><label> Upis programa<br \/>\n<span class=\"wpcf7-form-control-wrap\" data-name=\"your-program\"><input size=\"40\" maxlength=\"400\" class=\"wpcf7-form-control wpcf7-text wpcf7-validates-as-required\" aria-required=\"true\" aria-invalid=\"false\" value=\"\" type=\"text\" name=\"your-program\" \/><\/span> <\/label>\n<\/p>\n<p><label> Poruka (opcionalno)<br \/>\n<span class=\"wpcf7-form-control-wrap\" data-name=\"your-message\"><textarea cols=\"40\" rows=\"10\" maxlength=\"2000\" class=\"wpcf7-form-control wpcf7-textarea\" aria-invalid=\"false\" name=\"your-message\"><\/textarea><\/span> <\/label>\n<\/p>\n<p><input class=\"wpcf7-form-control wpcf7-submit has-spinner\" type=\"submit\" value=\"Po\u0161alji poruku!\" \/>\n<\/p><div class=\"fusion-alert alert custom alert-custom fusion-alert-center wpcf7-response-output awb-alert-native-link-color alert-dismissable awb-alert-close-boxed\" style=\"--awb-border-size:1px;--awb-border-top-left-radius:0px;--awb-border-top-right-radius:0px;--awb-border-bottom-left-radius:0px;--awb-border-bottom-right-radius:0px;\" role=\"alert\"><div class=\"fusion-alert-content-wrapper\"><span class=\"fusion-alert-content\"><\/span><\/div><button type=\"button\" class=\"close toggle-alert\" data-dismiss=\"alert\" aria-label=\"Close\">&times;<\/button><\/div>\n<\/form>\n<\/div>\n<\/div><\/div><\/div><\/div><div class=\"fusion-fullwidth fullwidth-box fusion-builder-row-3 fusion-flex-container has-pattern-background has-mask-background nonhundred-percent-fullwidth non-hundred-percent-height-scrolling\" style=\"--awb-border-radius-top-left:0px;--awb-border-radius-top-right:0px;--awb-border-radius-bottom-right:0px;--awb-border-radius-bottom-left:0px;--awb-flex-wrap:wrap;\" ><div class=\"fusion-builder-row fusion-row fusion-flex-align-items-flex-start fusion-flex-content-wrap\" style=\"max-width:1248px;margin-left: calc(-4% \/ 2 );margin-right: calc(-4% \/ 2 );\"><div class=\"fusion-layout-column fusion_builder_column fusion-builder-column-2 fusion_builder_column_1_1 1_1 fusion-flex-column\" style=\"--awb-bg-size:cover;--awb-width-large:100%;--awb-margin-top-large:0px;--awb-spacing-right-large:1.92%;--awb-margin-bottom-large:20px;--awb-spacing-left-large:1.92%;--awb-width-medium:100%;--awb-order-medium:0;--awb-spacing-right-medium:1.92%;--awb-spacing-left-medium:1.92%;--awb-width-small:100%;--awb-order-small:0;--awb-spacing-right-small:1.92%;--awb-spacing-left-small:1.92%;\"><div class=\"fusion-column-wrapper fusion-column-has-shadow fusion-flex-justify-content-flex-start fusion-content-layout-column\"><div class=\"fusion-title title fusion-title-1 fusion-sep-none fusion-title-text fusion-title-size-three\" style=\"--awb-margin-top-small:10px;--awb-margin-right-small:0px;--awb-margin-bottom-small:10px;--awb-margin-left-small:0px;\"><h3 class=\"fusion-title-heading title-heading-left fusion-responsive-typography-calculated\" style=\"margin:0;--fontSize:30;line-height:var(--awb-typography1-line-height);\">Gdje smo<\/h3><\/div><div class=\"fusion-text fusion-text-2\" style=\"--awb-margin-left:10%;\"><p>Vodnikova 4\/1 (dvori\u0161na zgrada), 10000 Zagreb<\/p>\n<p>+385 99 3474 293<\/p>\n<p><strong>WhatsApp<\/strong>\u00a0+ 385 98 163 7627<\/p>\n<p><a href=\"mailto:aroom@andreasolomun.com\">aroom@andreasolomun.com<\/a><\/p>\n<\/div><div class=\"fusion-image-element \" style=\"text-align:center;--awb-margin-top:2%;--awb-max-width:1000px;--awb-caption-title-font-family:var(--h2_typography-font-family);--awb-caption-title-font-weight:var(--h2_typography-font-weight);--awb-caption-title-font-style:var(--h2_typography-font-style);--awb-caption-title-size:var(--h2_typography-font-size);--awb-caption-title-transform:var(--h2_typography-text-transform);--awb-caption-title-line-height:var(--h2_typography-line-height);--awb-caption-title-letter-spacing:var(--h2_typography-letter-spacing);\"><span class=\" fusion-imageframe imageframe-none imageframe-1 hover-type-zoomin\"><img decoding=\"async\" width=\"1350\" height=\"721\" title=\"AROM Vodnikova\" src=\"https:\/\/andreasolomun.com\/wp-content\/uploads\/2025\/04\/AROM-Vodnikova.jpg\" alt class=\"img-responsive wp-image-22245\" srcset=\"https:\/\/andreasolomun.com\/wp-content\/uploads\/2025\/04\/AROM-Vodnikova-200x107.jpg 200w, https:\/\/andreasolomun.com\/wp-content\/uploads\/2025\/04\/AROM-Vodnikova-400x214.jpg 400w, https:\/\/andreasolomun.com\/wp-content\/uploads\/2025\/04\/AROM-Vodnikova-600x320.jpg 600w, https:\/\/andreasolomun.com\/wp-content\/uploads\/2025\/04\/AROM-Vodnikova-800x427.jpg 800w, https:\/\/andreasolomun.com\/wp-content\/uploads\/2025\/04\/AROM-Vodnikova-1200x641.jpg 1200w, https:\/\/andreasolomun.com\/wp-content\/uploads\/2025\/04\/AROM-Vodnikova.jpg 1350w\" sizes=\"1200px\" \/><\/span><\/div><\/div><\/div><\/div><\/div><\/p>\n","protected":false},"excerpt":{"rendered":"","protected":false},"author":3,"featured_media":0,"parent":22191,"menu_order":0,"comment_status":"closed","ping_status":"closed","template":"100-width.php","meta":{"footnotes":""},"class_list":["post-32","page","type-page","status-publish","hentry"],"yoast_head":"<!-- This site is optimized with the Yoast SEO plugin v27.3 - https:\/\/yoast.com\/product\/yoast-seo-wordpress\/ -->\n<title>Uklju\u010dite se - Andrea&#039;s Room fitness centar<\/title>\n<meta name=\"description\" content=\"Cilj vam je zdravlje, biti fit, izgraditi optimalno tijelo...? Isprobajte treninge u Andrea&#039;s Room trening centru i uklju\u010dite se u na\u0161e programe.\" \/>\n<meta name=\"robots\" content=\"index, follow, max-snippet:-1, max-image-preview:large, max-video-preview:-1\" \/>\n<link rel=\"canonical\" href=\"https:\/\/andreasolomun.com\/hr\/aroom\/ukljucite-se\/\" \/>\n<meta property=\"og:locale\" content=\"hr_HR\" \/>\n<meta property=\"og:type\" content=\"article\" \/>\n<meta property=\"og:title\" content=\"Uklju\u010dite se - Andrea&#039;s Room fitness centar\" \/>\n<meta property=\"og:description\" content=\"Cilj vam je zdravlje, biti fit, izgraditi optimalno tijelo...? Isprobajte treninge u Andrea&#039;s Room trening centru i uklju\u010dite se u na\u0161e programe.\" \/>\n<meta property=\"og:url\" content=\"https:\/\/andreasolomun.com\/hr\/aroom\/ukljucite-se\/\" \/>\n<meta property=\"og:site_name\" content=\"Andrea Solomun\" \/>\n<meta property=\"article:publisher\" content=\"https:\/\/www.facebook.com\/andrea.solomun\" \/>\n<meta property=\"article:modified_time\" content=\"2025-04-29T04:09:34+00:00\" \/>\n<meta name=\"twitter:card\" content=\"summary_large_image\" \/>\n<meta name=\"twitter:label1\" content=\"Procijenjeno vrijeme \u010ditanja\" \/>\n\t<meta name=\"twitter:data1\" content=\"1 minuta\" \/>\n<script type=\"application\/ld+json\" class=\"yoast-schema-graph\">{\"@context\":\"https:\\\/\\\/schema.org\",\"@graph\":[{\"@type\":\"WebPage\",\"@id\":\"https:\\\/\\\/andreasolomun.com\\\/hr\\\/aroom\\\/ukljucite-se\\\/\",\"url\":\"https:\\\/\\\/andreasolomun.com\\\/hr\\\/aroom\\\/ukljucite-se\\\/\",\"name\":\"Uklju\u010dite se - Andrea's Room fitness centar\",\"isPartOf\":{\"@id\":\"https:\\\/\\\/andreasolomun.com\\\/hr\\\/#website\"},\"datePublished\":\"2022-01-08T02:59:46+00:00\",\"dateModified\":\"2025-04-29T04:09:34+00:00\",\"description\":\"Cilj vam je zdravlje, biti fit, izgraditi optimalno tijelo...? Isprobajte treninge u Andrea's Room trening centru i uklju\u010dite se u na\u0161e programe.\",\"breadcrumb\":{\"@id\":\"https:\\\/\\\/andreasolomun.com\\\/hr\\\/aroom\\\/ukljucite-se\\\/#breadcrumb\"},\"inLanguage\":\"hr\",\"potentialAction\":[{\"@type\":\"ReadAction\",\"target\":[\"https:\\\/\\\/andreasolomun.com\\\/hr\\\/aroom\\\/ukljucite-se\\\/\"]}]},{\"@type\":\"BreadcrumbList\",\"@id\":\"https:\\\/\\\/andreasolomun.com\\\/hr\\\/aroom\\\/ukljucite-se\\\/#breadcrumb\",\"itemListElement\":[{\"@type\":\"ListItem\",\"position\":1,\"name\":\"Po\u010detna stranica\",\"item\":\"https:\\\/\\\/andreasolomun.com\\\/hr\\\/\"},{\"@type\":\"ListItem\",\"position\":2,\"name\":\"Andrea&#8217;s Room Boutique Gym\",\"item\":\"https:\\\/\\\/andreasolomun.com\\\/hr\\\/aroom\\\/\"},{\"@type\":\"ListItem\",\"position\":3,\"name\":\"Uklju\u010dite se\"}]},{\"@type\":\"WebSite\",\"@id\":\"https:\\\/\\\/andreasolomun.com\\\/hr\\\/#website\",\"url\":\"https:\\\/\\\/andreasolomun.com\\\/hr\\\/\",\"name\":\"Andrea Solomun\",\"description\":\"&amp;Body i &amp;Ballet programi za fitnes i zdravlje\",\"publisher\":{\"@id\":\"https:\\\/\\\/andreasolomun.com\\\/hr\\\/#organization\"},\"alternateName\":\"&Andrea\",\"potentialAction\":[{\"@type\":\"SearchAction\",\"target\":{\"@type\":\"EntryPoint\",\"urlTemplate\":\"https:\\\/\\\/andreasolomun.com\\\/hr\\\/?s={search_term_string}\"},\"query-input\":{\"@type\":\"PropertyValueSpecification\",\"valueRequired\":true,\"valueName\":\"search_term_string\"}}],\"inLanguage\":\"hr\"},{\"@type\":\"Organization\",\"@id\":\"https:\\\/\\\/andreasolomun.com\\\/hr\\\/#organization\",\"name\":\"&Andrea\",\"url\":\"https:\\\/\\\/andreasolomun.com\\\/hr\\\/\",\"logo\":{\"@type\":\"ImageObject\",\"inLanguage\":\"hr\",\"@id\":\"https:\\\/\\\/andreasolomun.com\\\/hr\\\/#\\\/schema\\\/logo\\\/image\\\/\",\"url\":\"https:\\\/\\\/andreasolomun.com\\\/wp-content\\\/uploads\\\/2023\\\/05\\\/logo-2x.png\",\"contentUrl\":\"https:\\\/\\\/andreasolomun.com\\\/wp-content\\\/uploads\\\/2023\\\/05\\\/logo-2x.png\",\"width\":96,\"height\":112,\"caption\":\"&Andrea\"},\"image\":{\"@id\":\"https:\\\/\\\/andreasolomun.com\\\/hr\\\/#\\\/schema\\\/logo\\\/image\\\/\"},\"sameAs\":[\"https:\\\/\\\/www.facebook.com\\\/andrea.solomun\",\"https:\\\/\\\/www.instagram.com\\\/andreasolomun\\\/\",\"https:\\\/\\\/www.youtube.com\\\/user\\\/AndreaSolomun\",\"https:\\\/\\\/www.facebook.com\\\/trainingcenterandreasroom\\\/\",\"https:\\\/\\\/www.instagram.com\\\/andreas.room\"]}]}<\/script>\n<!-- \/ Yoast SEO plugin. -->","yoast_head_json":{"title":"Uklju\u010dite se - Andrea's Room fitness centar","description":"Cilj vam je zdravlje, biti fit, izgraditi optimalno tijelo...? Isprobajte treninge u Andrea's Room trening centru i uklju\u010dite se u na\u0161e programe.","robots":{"index":"index","follow":"follow","max-snippet":"max-snippet:-1","max-image-preview":"max-image-preview:large","max-video-preview":"max-video-preview:-1"},"canonical":"https:\/\/andreasolomun.com\/hr\/aroom\/ukljucite-se\/","og_locale":"hr_HR","og_type":"article","og_title":"Uklju\u010dite se - Andrea's Room fitness centar","og_description":"Cilj vam je zdravlje, biti fit, izgraditi optimalno tijelo...? Isprobajte treninge u Andrea's Room trening centru i uklju\u010dite se u na\u0161e programe.","og_url":"https:\/\/andreasolomun.com\/hr\/aroom\/ukljucite-se\/","og_site_name":"Andrea Solomun","article_publisher":"https:\/\/www.facebook.com\/andrea.solomun","article_modified_time":"2025-04-29T04:09:34+00:00","twitter_card":"summary_large_image","twitter_misc":{"Procijenjeno vrijeme \u010ditanja":"1 minuta"},"schema":{"@context":"https:\/\/schema.org","@graph":[{"@type":"WebPage","@id":"https:\/\/andreasolomun.com\/hr\/aroom\/ukljucite-se\/","url":"https:\/\/andreasolomun.com\/hr\/aroom\/ukljucite-se\/","name":"Uklju\u010dite se - Andrea's Room fitness centar","isPartOf":{"@id":"https:\/\/andreasolomun.com\/hr\/#website"},"datePublished":"2022-01-08T02:59:46+00:00","dateModified":"2025-04-29T04:09:34+00:00","description":"Cilj vam je zdravlje, biti fit, izgraditi optimalno tijelo...? Isprobajte treninge u Andrea's Room trening centru i uklju\u010dite se u na\u0161e programe.","breadcrumb":{"@id":"https:\/\/andreasolomun.com\/hr\/aroom\/ukljucite-se\/#breadcrumb"},"inLanguage":"hr","potentialAction":[{"@type":"ReadAction","target":["https:\/\/andreasolomun.com\/hr\/aroom\/ukljucite-se\/"]}]},{"@type":"BreadcrumbList","@id":"https:\/\/andreasolomun.com\/hr\/aroom\/ukljucite-se\/#breadcrumb","itemListElement":[{"@type":"ListItem","position":1,"name":"Po\u010detna stranica","item":"https:\/\/andreasolomun.com\/hr\/"},{"@type":"ListItem","position":2,"name":"Andrea&#8217;s Room Boutique Gym","item":"https:\/\/andreasolomun.com\/hr\/aroom\/"},{"@type":"ListItem","position":3,"name":"Uklju\u010dite se"}]},{"@type":"WebSite","@id":"https:\/\/andreasolomun.com\/hr\/#website","url":"https:\/\/andreasolomun.com\/hr\/","name":"Andrea Solomun","description":"&amp;Body i &amp;Ballet programi za fitnes i zdravlje","publisher":{"@id":"https:\/\/andreasolomun.com\/hr\/#organization"},"alternateName":"&Andrea","potentialAction":[{"@type":"SearchAction","target":{"@type":"EntryPoint","urlTemplate":"https:\/\/andreasolomun.com\/hr\/?s={search_term_string}"},"query-input":{"@type":"PropertyValueSpecification","valueRequired":true,"valueName":"search_term_string"}}],"inLanguage":"hr"},{"@type":"Organization","@id":"https:\/\/andreasolomun.com\/hr\/#organization","name":"&Andrea","url":"https:\/\/andreasolomun.com\/hr\/","logo":{"@type":"ImageObject","inLanguage":"hr","@id":"https:\/\/andreasolomun.com\/hr\/#\/schema\/logo\/image\/","url":"https:\/\/andreasolomun.com\/wp-content\/uploads\/2023\/05\/logo-2x.png","contentUrl":"https:\/\/andreasolomun.com\/wp-content\/uploads\/2023\/05\/logo-2x.png","width":96,"height":112,"caption":"&Andrea"},"image":{"@id":"https:\/\/andreasolomun.com\/hr\/#\/schema\/logo\/image\/"},"sameAs":["https:\/\/www.facebook.com\/andrea.solomun","https:\/\/www.instagram.com\/andreasolomun\/","https:\/\/www.youtube.com\/user\/AndreaSolomun","https:\/\/www.facebook.com\/trainingcenterandreasroom\/","https:\/\/www.instagram.com\/andreas.room"]}]}},"_links":{"self":[{"href":"https:\/\/andreasolomun.com\/hr\/wp-json\/wp\/v2\/pages\/32","targetHints":{"allow":["GET"]}}],"collection":[{"href":"https:\/\/andreasolomun.com\/hr\/wp-json\/wp\/v2\/pages"}],"about":[{"href":"https:\/\/andreasolomun.com\/hr\/wp-json\/wp\/v2\/types\/page"}],"author":[{"embeddable":true,"href":"https:\/\/andreasolomun.com\/hr\/wp-json\/wp\/v2\/users\/3"}],"replies":[{"embeddable":true,"href":"https:\/\/andreasolomun.com\/hr\/wp-json\/wp\/v2\/comments?post=32"}],"version-history":[{"count":0,"href":"https:\/\/andreasolomun.com\/hr\/wp-json\/wp\/v2\/pages\/32\/revisions"}],"up":[{"embeddable":true,"href":"https:\/\/andreasolomun.com\/hr\/wp-json\/wp\/v2\/pages\/22191"}],"wp:attachment":[{"href":"https:\/\/andreasolomun.com\/hr\/wp-json\/wp\/v2\/media?parent=32"}],"curies":[{"name":"wp","href":"https:\/\/api.w.org\/{rel}","templated":true}]}}