{"id":23,"date":"2022-01-08T03:56:22","date_gmt":"2022-01-08T02:56:22","guid":{"rendered":"http:\/\/andrea-solomun.loc\/?page_id=23"},"modified":"2023-07-01T10:01:13","modified_gmt":"2023-07-01T08:01:13","slug":"postanite-instruktor","status":"publish","type":"page","link":"https:\/\/andreasolomun.com\/hr\/postanite-instruktor\/","title":{"rendered":"Postanite instruktor"},"content":{"rendered":"<div class=\"fusion-fullwidth fullwidth-box fusion-builder-row-1 fusion-flex-container has-pattern-background has-mask-background nonhundred-percent-fullwidth non-hundred-percent-height-scrolling\" style=\"--awb-border-radius-top-left:0px;--awb-border-radius-top-right:0px;--awb-border-radius-bottom-right:0px;--awb-border-radius-bottom-left:0px;--awb-flex-wrap:wrap;\" ><div class=\"fusion-builder-row fusion-row fusion-flex-align-items-center fusion-flex-justify-content-center fusion-flex-content-wrap\" style=\"max-width:1248px;margin-left: calc(-4% \/ 2 );margin-right: calc(-4% \/ 2 );\"><div class=\"fusion-layout-column fusion_builder_column fusion-builder-column-0 fusion_builder_column_3_4 3_4 fusion-flex-column\" style=\"--awb-bg-size:cover;--awb-width-large:75%;--awb-margin-top-large:0px;--awb-spacing-right-large:2.56%;--awb-margin-bottom-large:20px;--awb-spacing-left-large:2.56%;--awb-width-medium:75%;--awb-order-medium:0;--awb-spacing-right-medium:2.56%;--awb-spacing-left-medium:2.56%;--awb-width-small:75%;--awb-order-small:0;--awb-spacing-right-small:2.56%;--awb-spacing-left-small:2.56%;\"><div class=\"fusion-column-wrapper fusion-column-has-shadow fusion-flex-justify-content-flex-start fusion-content-layout-column\"><div class=\"fusion-text fusion-text-1\"><h4>POSTANITE &amp;BALLET INSTRUKTOR:<\/h4>\n<p>Instruktor postajete nakon \u0161to zavr\u0161ite na\u0161u &amp;Ballet edukaciju.<\/p>\n<p>Nakon polaganja stru\u010dnog ispita &amp;Ballet program mo\u017eete voditi u Andrea\u2019s Roomu ili na bilo kojoj drugoj fran\u0161iznoj lokaciji. Mo\u017eete je otvoriti i sami.<\/p>\n<p>Program &amp;Balleta poha\u0111ale su tijekom godina stotine polaznika, a do sada imali smo priliku educirati \u010detiri generacije &amp;Ballet instruktora.<\/p>\n<p>Pridru\u017eite nam se vi u sljede\u0107oj.<\/p>\n<p>Pogledajte vi\u0161e na na\u0161oj stranici <a href=\"https:\/\/andballet.eu\/fransiza\/\">Edukacija i fran\u0161iza<\/a>.<\/p>\n<\/div><div class=\"fusion-image-element awb-imageframe-style awb-imageframe-style-below awb-imageframe-style-1\" style=\"text-align:center;--awb-mask-url: url(https:\/\/andreasolomun.com\/wp-content\/plugins\/fusion-builder\/\/assets\/images\/masks\/mask-15.svg);--awb-mask-size: cover;--awb-margin-top:40px;--awb-caption-margin-top:15px;--awb-caption-title-font-family:var(--h5_typography-font-family);--awb-caption-title-font-weight:var(--h5_typography-font-weight);--awb-caption-title-font-style:var(--h5_typography-font-style);--awb-caption-title-size:var(--h5_typography-font-size);--awb-caption-title-transform:var(--h5_typography-text-transform);--awb-caption-title-line-height:var(--h5_typography-line-height);--awb-caption-title-letter-spacing:var(--h5_typography-letter-spacing);\"><span class=\" fusion-imageframe imageframe-none imageframe-1 hover-type-none has-mask\"><img decoding=\"async\" width=\"1024\" height=\"768\" title=\"BALLET-trenerice manja\" src=\"https:\/\/andreasolomun.com\/wp-content\/uploads\/2023\/07\/BALLET-trenerice-manja-1024x768.png\" alt class=\"img-responsive wp-image-5994\" srcset=\"https:\/\/andreasolomun.com\/wp-content\/uploads\/2023\/07\/BALLET-trenerice-manja-200x150.png 200w, https:\/\/andreasolomun.com\/wp-content\/uploads\/2023\/07\/BALLET-trenerice-manja-400x300.png 400w, https:\/\/andreasolomun.com\/wp-content\/uploads\/2023\/07\/BALLET-trenerice-manja-600x450.png 600w, https:\/\/andreasolomun.com\/wp-content\/uploads\/2023\/07\/BALLET-trenerice-manja-800x600.png 800w, https:\/\/andreasolomun.com\/wp-content\/uploads\/2023\/07\/BALLET-trenerice-manja-1200x900.png 1200w, https:\/\/andreasolomun.com\/wp-content\/uploads\/2023\/07\/BALLET-trenerice-manja.png 1905w\" sizes=\"1200px\" \/><\/span><div class=\"awb-imageframe-caption-container\" style=\"text-align:center;\"><div class=\"awb-imageframe-caption\"><h5 class=\"awb-imageframe-caption-title\">&amp;Ballet trenerice<\/h5><\/div><\/div><\/div><\/div><\/div><\/div><\/div>\n","protected":false},"excerpt":{"rendered":"","protected":false},"author":3,"featured_media":0,"parent":0,"menu_order":0,"comment_status":"closed","ping_status":"closed","template":"100-width.php","meta":{"footnotes":""},"class_list":["post-23","page","type-page","status-publish","hentry"],"yoast_head":"<!-- This site is optimized with the Yoast SEO plugin v27.4 - https:\/\/yoast.com\/product\/yoast-seo-wordpress\/ -->\n<title>Postanite instruktor - Andrea Solomun<\/title>\n<meta name=\"description\" content=\"Zavr\u0161ite edukaciju fran\u0161ize i postanite instruktor &amp;Balleta. Obogatite va\u0161e vje\u0161tine i ponudite nova iskustva i mogu\u0107nosti polaznicima va\u0161ih fitness satova...\" \/>\n<meta name=\"robots\" content=\"index, follow, max-snippet:-1, max-image-preview:large, max-video-preview:-1\" \/>\n<link rel=\"canonical\" href=\"https:\/\/andreasolomun.com\/hr\/postanite-instruktor\/\" \/>\n<meta property=\"og:locale\" content=\"hr_HR\" \/>\n<meta property=\"og:type\" content=\"article\" \/>\n<meta property=\"og:title\" content=\"Postanite instruktor - Andrea Solomun\" \/>\n<meta property=\"og:description\" content=\"Zavr\u0161ite edukaciju fran\u0161ize i postanite instruktor &amp;Balleta. Obogatite va\u0161e vje\u0161tine i ponudite nova iskustva i mogu\u0107nosti polaznicima va\u0161ih fitness satova...\" \/>\n<meta property=\"og:url\" content=\"https:\/\/andreasolomun.com\/hr\/postanite-instruktor\/\" \/>\n<meta property=\"og:site_name\" content=\"Andrea Solomun\" \/>\n<meta property=\"article:publisher\" content=\"https:\/\/www.facebook.com\/andrea.solomun\" \/>\n<meta property=\"article:modified_time\" content=\"2023-07-01T08:01:13+00:00\" \/>\n<meta name=\"twitter:card\" content=\"summary_large_image\" \/>\n<meta name=\"twitter:label1\" content=\"Procijenjeno vrijeme \u010ditanja\" \/>\n\t<meta name=\"twitter:data1\" content=\"4 minute\" \/>\n<script type=\"application\/ld+json\" class=\"yoast-schema-graph\">{\"@context\":\"https:\\\/\\\/schema.org\",\"@graph\":[{\"@type\":\"WebPage\",\"@id\":\"https:\\\/\\\/andreasolomun.com\\\/hr\\\/postanite-instruktor\\\/\",\"url\":\"https:\\\/\\\/andreasolomun.com\\\/hr\\\/postanite-instruktor\\\/\",\"name\":\"Postanite instruktor - Andrea Solomun\",\"isPartOf\":{\"@id\":\"https:\\\/\\\/andreasolomun.com\\\/hr\\\/#website\"},\"datePublished\":\"2022-01-08T02:56:22+00:00\",\"dateModified\":\"2023-07-01T08:01:13+00:00\",\"description\":\"Zavr\u0161ite edukaciju fran\u0161ize i postanite instruktor &Balleta. Obogatite va\u0161e vje\u0161tine i ponudite nova iskustva i mogu\u0107nosti polaznicima va\u0161ih fitness satova...\",\"breadcrumb\":{\"@id\":\"https:\\\/\\\/andreasolomun.com\\\/hr\\\/postanite-instruktor\\\/#breadcrumb\"},\"inLanguage\":\"hr\",\"potentialAction\":[{\"@type\":\"ReadAction\",\"target\":[\"https:\\\/\\\/andreasolomun.com\\\/hr\\\/postanite-instruktor\\\/\"]}]},{\"@type\":\"BreadcrumbList\",\"@id\":\"https:\\\/\\\/andreasolomun.com\\\/hr\\\/postanite-instruktor\\\/#breadcrumb\",\"itemListElement\":[{\"@type\":\"ListItem\",\"position\":1,\"name\":\"Po\u010detna stranica\",\"item\":\"https:\\\/\\\/andreasolomun.com\\\/hr\\\/\"},{\"@type\":\"ListItem\",\"position\":2,\"name\":\"Postanite instruktor\"}]},{\"@type\":\"WebSite\",\"@id\":\"https:\\\/\\\/andreasolomun.com\\\/hr\\\/#website\",\"url\":\"https:\\\/\\\/andreasolomun.com\\\/hr\\\/\",\"name\":\"Andrea Solomun\",\"description\":\"&amp;Body i &amp;Ballet programi za fitnes i zdravlje\",\"publisher\":{\"@id\":\"https:\\\/\\\/andreasolomun.com\\\/hr\\\/#organization\"},\"alternateName\":\"&Andrea\",\"potentialAction\":[{\"@type\":\"SearchAction\",\"target\":{\"@type\":\"EntryPoint\",\"urlTemplate\":\"https:\\\/\\\/andreasolomun.com\\\/hr\\\/?s={search_term_string}\"},\"query-input\":{\"@type\":\"PropertyValueSpecification\",\"valueRequired\":true,\"valueName\":\"search_term_string\"}}],\"inLanguage\":\"hr\"},{\"@type\":\"Organization\",\"@id\":\"https:\\\/\\\/andreasolomun.com\\\/hr\\\/#organization\",\"name\":\"&Andrea\",\"url\":\"https:\\\/\\\/andreasolomun.com\\\/hr\\\/\",\"logo\":{\"@type\":\"ImageObject\",\"inLanguage\":\"hr\",\"@id\":\"https:\\\/\\\/andreasolomun.com\\\/hr\\\/#\\\/schema\\\/logo\\\/image\\\/\",\"url\":\"https:\\\/\\\/andreasolomun.com\\\/wp-content\\\/uploads\\\/2023\\\/05\\\/logo-2x.png\",\"contentUrl\":\"https:\\\/\\\/andreasolomun.com\\\/wp-content\\\/uploads\\\/2023\\\/05\\\/logo-2x.png\",\"width\":96,\"height\":112,\"caption\":\"&Andrea\"},\"image\":{\"@id\":\"https:\\\/\\\/andreasolomun.com\\\/hr\\\/#\\\/schema\\\/logo\\\/image\\\/\"},\"sameAs\":[\"https:\\\/\\\/www.facebook.com\\\/andrea.solomun\",\"https:\\\/\\\/www.instagram.com\\\/andreasolomun\\\/\",\"https:\\\/\\\/www.youtube.com\\\/user\\\/AndreaSolomun\",\"https:\\\/\\\/www.facebook.com\\\/trainingcenterandreasroom\\\/\",\"https:\\\/\\\/www.instagram.com\\\/andreas.room\"]}]}<\/script>\n<!-- \/ Yoast SEO plugin. -->","yoast_head_json":{"title":"Postanite instruktor - Andrea Solomun","description":"Zavr\u0161ite edukaciju fran\u0161ize i postanite instruktor &Balleta. Obogatite va\u0161e vje\u0161tine i ponudite nova iskustva i mogu\u0107nosti polaznicima va\u0161ih fitness satova...","robots":{"index":"index","follow":"follow","max-snippet":"max-snippet:-1","max-image-preview":"max-image-preview:large","max-video-preview":"max-video-preview:-1"},"canonical":"https:\/\/andreasolomun.com\/hr\/postanite-instruktor\/","og_locale":"hr_HR","og_type":"article","og_title":"Postanite instruktor - Andrea Solomun","og_description":"Zavr\u0161ite edukaciju fran\u0161ize i postanite instruktor &Balleta. Obogatite va\u0161e vje\u0161tine i ponudite nova iskustva i mogu\u0107nosti polaznicima va\u0161ih fitness satova...","og_url":"https:\/\/andreasolomun.com\/hr\/postanite-instruktor\/","og_site_name":"Andrea Solomun","article_publisher":"https:\/\/www.facebook.com\/andrea.solomun","article_modified_time":"2023-07-01T08:01:13+00:00","twitter_card":"summary_large_image","twitter_misc":{"Procijenjeno vrijeme \u010ditanja":"4 minute"},"schema":{"@context":"https:\/\/schema.org","@graph":[{"@type":"WebPage","@id":"https:\/\/andreasolomun.com\/hr\/postanite-instruktor\/","url":"https:\/\/andreasolomun.com\/hr\/postanite-instruktor\/","name":"Postanite instruktor - Andrea Solomun","isPartOf":{"@id":"https:\/\/andreasolomun.com\/hr\/#website"},"datePublished":"2022-01-08T02:56:22+00:00","dateModified":"2023-07-01T08:01:13+00:00","description":"Zavr\u0161ite edukaciju fran\u0161ize i postanite instruktor &Balleta. Obogatite va\u0161e vje\u0161tine i ponudite nova iskustva i mogu\u0107nosti polaznicima va\u0161ih fitness satova...","breadcrumb":{"@id":"https:\/\/andreasolomun.com\/hr\/postanite-instruktor\/#breadcrumb"},"inLanguage":"hr","potentialAction":[{"@type":"ReadAction","target":["https:\/\/andreasolomun.com\/hr\/postanite-instruktor\/"]}]},{"@type":"BreadcrumbList","@id":"https:\/\/andreasolomun.com\/hr\/postanite-instruktor\/#breadcrumb","itemListElement":[{"@type":"ListItem","position":1,"name":"Po\u010detna stranica","item":"https:\/\/andreasolomun.com\/hr\/"},{"@type":"ListItem","position":2,"name":"Postanite instruktor"}]},{"@type":"WebSite","@id":"https:\/\/andreasolomun.com\/hr\/#website","url":"https:\/\/andreasolomun.com\/hr\/","name":"Andrea Solomun","description":"&amp;Body i &amp;Ballet programi za fitnes i zdravlje","publisher":{"@id":"https:\/\/andreasolomun.com\/hr\/#organization"},"alternateName":"&Andrea","potentialAction":[{"@type":"SearchAction","target":{"@type":"EntryPoint","urlTemplate":"https:\/\/andreasolomun.com\/hr\/?s={search_term_string}"},"query-input":{"@type":"PropertyValueSpecification","valueRequired":true,"valueName":"search_term_string"}}],"inLanguage":"hr"},{"@type":"Organization","@id":"https:\/\/andreasolomun.com\/hr\/#organization","name":"&Andrea","url":"https:\/\/andreasolomun.com\/hr\/","logo":{"@type":"ImageObject","inLanguage":"hr","@id":"https:\/\/andreasolomun.com\/hr\/#\/schema\/logo\/image\/","url":"https:\/\/andreasolomun.com\/wp-content\/uploads\/2023\/05\/logo-2x.png","contentUrl":"https:\/\/andreasolomun.com\/wp-content\/uploads\/2023\/05\/logo-2x.png","width":96,"height":112,"caption":"&Andrea"},"image":{"@id":"https:\/\/andreasolomun.com\/hr\/#\/schema\/logo\/image\/"},"sameAs":["https:\/\/www.facebook.com\/andrea.solomun","https:\/\/www.instagram.com\/andreasolomun\/","https:\/\/www.youtube.com\/user\/AndreaSolomun","https:\/\/www.facebook.com\/trainingcenterandreasroom\/","https:\/\/www.instagram.com\/andreas.room"]}]}},"_links":{"self":[{"href":"https:\/\/andreasolomun.com\/hr\/wp-json\/wp\/v2\/pages\/23","targetHints":{"allow":["GET"]}}],"collection":[{"href":"https:\/\/andreasolomun.com\/hr\/wp-json\/wp\/v2\/pages"}],"about":[{"href":"https:\/\/andreasolomun.com\/hr\/wp-json\/wp\/v2\/types\/page"}],"author":[{"embeddable":true,"href":"https:\/\/andreasolomun.com\/hr\/wp-json\/wp\/v2\/users\/3"}],"replies":[{"embeddable":true,"href":"https:\/\/andreasolomun.com\/hr\/wp-json\/wp\/v2\/comments?post=23"}],"version-history":[{"count":0,"href":"https:\/\/andreasolomun.com\/hr\/wp-json\/wp\/v2\/pages\/23\/revisions"}],"wp:attachment":[{"href":"https:\/\/andreasolomun.com\/hr\/wp-json\/wp\/v2\/media?parent=23"}],"curies":[{"name":"wp","href":"https:\/\/api.w.org\/{rel}","templated":true}]}}