{"id":22416,"date":"2025-05-08T06:43:28","date_gmt":"2025-05-08T04:43:28","guid":{"rendered":"https:\/\/andreasolomun.com\/?page_id=22416"},"modified":"2025-05-08T06:43:28","modified_gmt":"2025-05-08T04:43:28","slug":"politika-koristenja","status":"publish","type":"page","link":"https:\/\/andreasolomun.com\/hr\/aroom\/politika-koristenja\/","title":{"rendered":"Politika kori\u0161tenja"},"content":{"rendered":"<div class=\"fusion-fullwidth fullwidth-box fusion-builder-row-1 fusion-flex-container nonhundred-percent-fullwidth non-hundred-percent-height-scrolling\" style=\"--awb-border-radius-top-left:0px;--awb-border-radius-top-right:0px;--awb-border-radius-bottom-right:0px;--awb-border-radius-bottom-left:0px;--awb-flex-wrap:wrap;\" ><div class=\"fusion-builder-row fusion-row fusion-flex-align-items-flex-start fusion-flex-content-wrap\" style=\"max-width:1248px;margin-left: calc(-4% \/ 2 );margin-right: calc(-4% \/ 2 );\"><div class=\"fusion-layout-column fusion_builder_column fusion-builder-column-0 fusion_builder_column_1_1 1_1 fusion-flex-column\" style=\"--awb-bg-size:cover;--awb-width-large:100%;--awb-margin-top-large:0px;--awb-spacing-right-large:1.92%;--awb-margin-bottom-large:0px;--awb-spacing-left-large:1.92%;--awb-width-medium:100%;--awb-spacing-right-medium:1.92%;--awb-spacing-left-medium:1.92%;--awb-width-small:100%;--awb-spacing-right-small:1.92%;--awb-spacing-left-small:1.92%;\"><div class=\"fusion-column-wrapper fusion-flex-justify-content-flex-start fusion-content-layout-column\"><div class=\"fusion-text fusion-text-1\"><h2>Trening centar Andreina soba<\/h2>\n<h2 style=\"text-align: center;\">Pravila kori\u0161tenja<\/h2>\n<h3>1.\u00a0\u00a0\u00a0 Uvodne odredbe<\/h3>\n<p>Ova Pravila kori\u0161tenja obvezuju sve \u010dlanove i korisnike Trening centra Andreina soba (u daljnjem tekstu AROOM ili trening centar). Korisnik je \u010dlan, gost, nositelj kartice tre\u0107ih i svaka druga fizi\u010dka osoba koja ulazi u prostorije trening centra. \u010clan je svaka fizi\u010dka osoba \u010dlan AROOM.<\/p>\n<p>Za potrebe ovih Pravila kori\u0161tenja, \u010dlan tako\u0111er ozna\u010dava osobu kojoj je status \u010dlana dodijeljen na temelju odluke AROOM, kao i osobu koja ima pravo koristiti usluge trening centra kao gost.<\/p>\n<p>U smislu ovih Pravila kori\u0161tenja, gost je osoba koja je u trening centra do\u0161lo pod drop-in \u010dlanarinom, koja je u trening centar do\u0161la u pratnji \u010dlana i \u010diji je ulazak u trening centar odobren od strane AROOM. AROOM zadr\u017eava pravo uskratiti pristup trening centru gostu, \u010dak i bez navo\u0111enja razloga. Gosti moraju biti stariji od 16 godina. Za ulazak gostiju u trening centar napla\u0107uje se drop in \u010dlanarina, a njezin trenutni iznos je utvr\u0111en va\u017ee\u0107im cjenikom trening centra.<\/p>\n<p>Nositelj kartice tre\u0107ih (na primjer MultiSport kartice) je svaka fizi\u010dka osoba koja se prilikom ulaska u Trening centar identificira takvom karticom i identifikacijskom ispravom te za koje je odgovaraju\u0107i ugovor zaklju\u010dila AROOM.<\/p>\n<p>Korisnici pristaju na ova Pravila kori\u0161tenja trenutku upisa odnosno ulaskom prostore trening centra i du\u017eni ste ga po\u0161tovati. Usluge i sadr\u017eaje trening centra mogu koristiti samo \u010dlanovi i korisnici definirani ovim Pravilima kori\u0161tenja.<\/p>\n<h3>2.\u00a0\u00a0\u00a0 Radno vrijeme trening centra<\/h3>\n<p>Informacije o radnom vremenu trening centra dostupne su na oglasnoj plo\u010di trening centra i i na web stranici AROOM<\/p>\n<p>Korisnici su du\u017eni zavr\u0161iti sa sportskim aktivnostima najkasnije pola sata nakon isteka sata programa kojeg koriste ili posljednjeg termina grupnog programa u danu i napustiti prostorije trening centra. Izuzetno korisnici koji koriste usluge trening centra samostalno i neograni\u010deno mogu koristiti prostor trening centra tijekom cijelog dana.<\/p>\n<p>Svaki korisnik se upoznaje s rasporedom pojedinih programa i sadr\u017eaja trening centra prilikom upisa i odabira programa u koji se u\u010dlanjuje. Svaki korisnik ima pravo koristiti prostorije i sadr\u017eaje trening centra u vrijeme kada se odr\u017eava program koji je upisao.<\/p>\n<p>Korisnici su du\u017eni po\u0161tivati radno vrijeme trening centra. Stoga Vas molimo da na vrijeme zavr\u0161ite s kori\u0161tenjem usluga te odjavom na recepciji.<\/p>\n<p>Radno vrijeme recepcije je Pon \u2013 Pet od 17:00 &#8211; 21:00.<\/p>\n<h3>3.\u00a0\u00a0\u00a0 Sigurnosna pravila<\/h3>\n<p>Korisnik\u00a0 sudjeluju u sportskim aktivnostima u Trening centru na vlastitu odgovornost i rizik. Zabranjeno je kori\u0161tenje sadr\u017eaja i usluga trening centra bez prethodne upute. Prilikom kori\u0161tenja usluga, korisnik je du\u017ean pridr\u017eavati se ovih Pravila kori\u0161tenja i uputa trening centra i njegovih radnika ili drugih osoba koje pru\u017eaju usluge u ime trening centra (uklju\u010duju\u0107i instruktore i trenere).<\/p>\n<p>U trening centru, korisnici se ne smiju baviti sportskim aktivnostima ako su bolesni, ozlije\u0111eni, redovito koriste lijekove ili druga sredstva koja na bilo koji na\u010din mogu utjecati na njihove tjelesne ili psihi\u010dke sposobnosti ili su na bilo koji drugi na\u010din nesposobni za obavljanje sportskih aktivnosti. Ova se zabrana ne odnosi na osobe koje dostave pisanu izjavu lije\u010dnika da se osoba smije baviti sportskim aktivnostima u trening centru.<\/p>\n<p>Pri kori\u0161tenju sadr\u017eaja i usluga Trening centra, korisnici su du\u017eni po\u0161tivati na\u010dela osobne sigurnosti, kako svoje tako i drugih korisnika.<\/p>\n<p>Djeci mla\u0111oj od 16 godina nije dopu\u0161ten ulazak u trening centar. Djeci od 16 do 18 godina ulazak u fitness centar dopu\u0161ten je samo uz pisanu suglasnost oba roditelja koji izri\u010dito snose punu i neprenosivu odgovornost za bilo koju \u0161tetu na zdravlju njihovog djeteta i imovini trening centra nastalu uslijed kretanja i aktivnosti djeteta u trening centru.<\/p>\n<h3>4.\u00a0\u00a0\u00a0 Kodeks pona\u0161anja<\/h3>\n<p>Za cijelo vrijeme boravka u Tening centru, korisnici su du\u017eni pona\u0161ati se na na\u010din koji ne ograni\u010dava druge korisnike u kori\u0161tenju sadr\u017eaja i usluga trening centra. U slu\u010daju neprimjerenog, agresivnog ili vulgarnog pona\u0161anja prema drugim korisnicima ili osoblju trening centra, trening centar zadr\u017eava pravo udaljiti takvog korisnika iz prostora trening centra.<\/p>\n<p>Korisnici su du\u017eni po\u0161tivati pravila ulaska u trening centar, odnosno identificirati se \u010dlanskom iskaznicom ili karticom tre\u0107ih (na primjer MultiSport karticom) ili identifikacijskom ispravom te po\u0161tivati kontrolne mehanizme koje trening centar koristi u tu svrhu &#8211; \u010dita\u010de kartica i pametne brave.<\/p>\n<p>U prostorijama Trening centra zabranjeno je:<\/p>\n<ul>\n<li>pu\u0161enje<\/li>\n<li>kori\u0161tenje mobitela, osim u slu\u010daju hitnih iznimnih situacija, ako se mora razgovarati na mobitel to treba u\u010diniti to izvan prostora za vje\u017ebanje<\/li>\n<li>konzumacija bilo koje hrane (zabrana se ne odnosi na pi\u0107e)<\/li>\n<li>konzumacija alkohola<\/li>\n<li>\u017evaka\u0107a guma<\/li>\n<li>nepostupanje u skladu s na\u010delima i pravilima dobrog i pristojnog pona\u0161anja<\/li>\n<li>kori\u0161tenje bilo kojeg prostora izvan vremena navedenog u rasporedu i za koji je pla\u0107ena \u010dlanarina<\/li>\n<li>nije dopu\u0161teno snimati niti fotografirati druge korisnike bez njihovog dopu\u0161tenja.<\/li>\n<li>kori\u0161tenje vlastitih trenera u trening centru bez prethodne suglasnosti AROOM ili treniranje vlastitih klijenata.<\/li>\n<\/ul>\n<p>Korisnici su du\u017eni svoju sportsku odje\u0107u prilagoditi na\u010delima osobne higijene i pristojnog pona\u0161anja s obzirom na specifi\u010dan prostor koji koriste i u kojem se nalaze u prostorijama trening centra.<\/p>\n<p>Trening centar zadr\u017eava pravo utvr\u0111ivanja uvjeta primjerene odje\u0107e te prema vlastitom naho\u0111enju mo\u017ee zatra\u017eiti od korisnika koji nije primjereno odjeven da napusti trening centar ili da se presvu\u010de.<\/p>\n<h3>5.\u00a0\u00a0\u00a0 Pravila \u010duvanja osobnih stvari prilikom kori\u0161tenja usluga i sadr\u017eaja trening centra<\/h3>\n<p>Korisnicima je prostoru trening centra na raspolaganju garderobni prostor za odlaganje odje\u0107e i osobnih stvari odnosno, ako su postavljeni, ormari\u0107i za odlaganje odje\u0107e tijekom kori\u0161tenja usluga i sadr\u017eaja trening centra.<\/p>\n<p>Prije napu\u0161tanja trening centra, korisnici su du\u017eni uvijek isprazniti ormari\u0107 i ostaviti ga otvorenim. Ormari\u0107i koji ne budu ispra\u017enjeni do kraja radnog vremena Trerning centra na odre\u0111eni dan otvorit \u0107e nadle\u017eno osoblje trening centra, a njihov sadr\u017eaj \u0107e biti ispra\u017enjen i pohranjen drugdje. Tro\u0161kove otvaranja ormari\u0107a i pohrane njihovog sadr\u017eaja pla\u0107a korisnik koji nije ispraznio svoj ormari\u0107 u skladu s ovim Pravilima kori\u0161tenja.<\/p>\n<p>Korisnici koji koriste osobni ormari\u0107 i garderobni prostor su odgovorni za osiguranje higijenske \u010disto\u0107e pohranjenih stvari. U osobnim ormari\u0107ima i garderobnom prostoru se osobito ne smiju ostavljati brzo kvarljivi proizvodi, zapaljivi materijali ili bilo koje druge opasne tvari.<\/p>\n<p>Dru\u0161tvo nije odgovorno za nakit, novac i druge dragocjenosti ili druge predmete koji su ostavljeni u garderobnom prostoru ili pohranjeni u ormari\u0107ima.<\/p>\n<p>Dru\u0161tvo nije odgovorno za gubitak osobnih stvari pohranjenih u prostorijama trening centra.<\/p>\n<h3>6.\u00a0\u00a0\u00a0 Higijenska pravila<\/h3>\n<p>Korisnici \u00a0su du\u017eni koristiti ru\u010dnike prilikom bavljenja sportskim aktivnostima kako bi oprema trening centra ostala \u010dista. Mole se korisnici da stave ru\u010dnike na sve povr\u0161ine koje dolaze u dodir s njihovim tijelom. Povr\u0161ine koje su poprskane znojem moraju se o\u010distiti dezinficijensom koji je dostupan u trening centru.<\/p>\n<p>Korisnici su du\u017eni pridr\u017eavati se sljede\u0107ih higijenskih pravila:<\/p>\n<ul>\n<li>obu\u0107u skinuti prije ulaska u prostor za vje\u017ebanje trening centra i ostaviti ju u za to pred vi\u0111enim mjestima (pretincima)<\/li>\n<li>u teretanu i studio ulaziti samo bez obu\u0107e ili u zatvorenoj i \u010distoj sportskoj obu\u0107i koja se razlikuje od vanjske obu\u0107e (koja se ostavlja u za to predvi\u0111enim pretincima)<\/li>\n<li>uvijek o\u010distiti sprave dezinficijensom nakon \u0161to ih se koristi.<\/li>\n<\/ul>\n<p>Sanitarni \u010dvor (tu\u0161evi i WC) su dostupni u garderobnom prostoru trening centra.<\/p>\n<h3>7.\u00a0\u00a0\u00a0 Grupni treninzi i pravila kori\u0161tenja sprava i druge opreme<\/h3>\n<p>Korisnici su du\u017eni pridr\u017eavati se ovih Pravila kori\u0161tenja i uputa trenera i ostalih djelatnika trening centra tijekom obavljanja sportskih aktivnosti u trening centru.<\/p>\n<p>Nemojte blokirati sprave i jedinice za vje\u017ebanje dulje nego \u0161to je potrebno; ako se od Vas zatra\u017ei, dopustite osobi da se izmjenjuje s Vama na jedinici za vje\u017ebanje.<\/p>\n<p>Nakon \u0161to ste zavr\u0161ili s treningom, o\u010distite bu\u010dice i diskove za utege. To je znak po\u0161tovanja i obzira prema ostalim \u010dlanovima trening centra.<\/p>\n<p>Oprezno rukujte spravama, nemojte bacati bu\u010dice i stavljajte ih samo na nosa\u010de ili gumene kvadrate i ne ugro\u017eavajte sigurnost drugih.<\/p>\n<p>U slu\u010daju da se utvrdi bilo kakva \u0161teta na spravi, bu\u010dici ili opremi za vje\u017ebanje, du\u017enost je svakoga prijaviti o\u0161te\u0107enja recepciji.<\/p>\n<p>Korisnici su du\u017eni pridr\u017eavati se ovih Pravila kori\u0161tenja i uputa instruktora i ostalih djelatnika trening centra tijekom obavljanja sportskih aktivnosti u grupnim treninzima trening centra.<\/p>\n<p>Korisnici su du\u017eni na vrijeme do\u0107i na grupni trening.<\/p>\n<p>Korisnici ne smiju ni na koji na\u010din ometati tijek treninga. Instruktori imaju pravo ograni\u010diti broj sudionika na grupnim treninzima ili zamoliti korisnika da napusti grupni trening ako instruktor smatra da je prostorija za trening pretrpana ili ako korisnik ne slijedi upute instruktora.<\/p>\n<p>Zbog ve\u0107eg interesa za pojedine grupne treninge, trening centar zadr\u017eava pravo zahtijevati prethodnu prijavu za sudjelovanje na takvim treninzima te postaviti uvjete za prijavu.<\/p>\n<p>Na grupne treninge obveza je do\u0107i barem 5 min prije po\u010detka treninga. Upla\u0107ene programe treba iskoristiti prema roku i utvr\u0111enom rasporedu.<br \/>\nNakon upotrebe, obaveza je vratiti utege, \u0161ipke, bu\u010dice, klupice i ostalu opremu na za to predvi\u0111eno mjesto.<\/p>\n<p style=\"text-align: center;\">Ova Pravila pona\u0161anja na snazi su od 5. svibnja 2025.<\/p>\n<\/div><\/div><\/div><\/div><\/div>\n","protected":false},"excerpt":{"rendered":"","protected":false},"author":164,"featured_media":0,"parent":22191,"menu_order":0,"comment_status":"closed","ping_status":"closed","template":"","meta":{"footnotes":""},"class_list":["post-22416","page","type-page","status-publish","hentry"],"yoast_head":"<!-- This site is optimized with the Yoast SEO plugin v27.3 - https:\/\/yoast.com\/product\/yoast-seo-wordpress\/ -->\n<title>Politika kori\u0161tenja - &amp; Andrea<\/title>\n<meta name=\"description\" content=\"Upoznajte se s na\u0161om politikom privatnosti - za\u0161ttite va\u0161ih osobnih podataka\" \/>\n<meta name=\"robots\" content=\"index, follow, max-snippet:-1, max-image-preview:large, max-video-preview:-1\" \/>\n<link rel=\"canonical\" href=\"https:\/\/andreasolomun.com\/hr\/aroom\/politika-koristenja\/\" \/>\n<meta property=\"og:locale\" content=\"hr_HR\" \/>\n<meta property=\"og:type\" content=\"article\" \/>\n<meta property=\"og:title\" content=\"Politika kori\u0161tenja - &amp; Andrea\" \/>\n<meta property=\"og:description\" content=\"Upoznajte se s na\u0161om politikom privatnosti - za\u0161ttite va\u0161ih osobnih podataka\" \/>\n<meta property=\"og:url\" content=\"https:\/\/andreasolomun.com\/hr\/aroom\/politika-koristenja\/\" \/>\n<meta property=\"og:site_name\" content=\"Andrea Solomun\" \/>\n<meta property=\"article:publisher\" content=\"https:\/\/www.facebook.com\/andrea.solomun\" \/>\n<meta name=\"twitter:card\" content=\"summary_large_image\" \/>\n<meta name=\"twitter:label1\" content=\"Procijenjeno vrijeme \u010ditanja\" \/>\n\t<meta name=\"twitter:data1\" content=\"13 minuta\" \/>\n<script type=\"application\/ld+json\" class=\"yoast-schema-graph\">{\"@context\":\"https:\\\/\\\/schema.org\",\"@graph\":[{\"@type\":\"WebPage\",\"@id\":\"https:\\\/\\\/andreasolomun.com\\\/hr\\\/aroom\\\/politika-koristenja\\\/\",\"url\":\"https:\\\/\\\/andreasolomun.com\\\/hr\\\/aroom\\\/politika-koristenja\\\/\",\"name\":\"Politika kori\u0161tenja - & Andrea\",\"isPartOf\":{\"@id\":\"https:\\\/\\\/andreasolomun.com\\\/hr\\\/#website\"},\"datePublished\":\"2025-05-08T04:43:28+00:00\",\"description\":\"Upoznajte se s na\u0161om politikom privatnosti - za\u0161ttite va\u0161ih osobnih podataka\",\"breadcrumb\":{\"@id\":\"https:\\\/\\\/andreasolomun.com\\\/hr\\\/aroom\\\/politika-koristenja\\\/#breadcrumb\"},\"inLanguage\":\"hr\",\"potentialAction\":[{\"@type\":\"ReadAction\",\"target\":[\"https:\\\/\\\/andreasolomun.com\\\/hr\\\/aroom\\\/politika-koristenja\\\/\"]}]},{\"@type\":\"BreadcrumbList\",\"@id\":\"https:\\\/\\\/andreasolomun.com\\\/hr\\\/aroom\\\/politika-koristenja\\\/#breadcrumb\",\"itemListElement\":[{\"@type\":\"ListItem\",\"position\":1,\"name\":\"Po\u010detna stranica\",\"item\":\"https:\\\/\\\/andreasolomun.com\\\/hr\\\/\"},{\"@type\":\"ListItem\",\"position\":2,\"name\":\"Andrea&#8217;s Room Boutique Gym\",\"item\":\"https:\\\/\\\/andreasolomun.com\\\/hr\\\/aroom\\\/\"},{\"@type\":\"ListItem\",\"position\":3,\"name\":\"Politika kori\u0161tenja\"}]},{\"@type\":\"WebSite\",\"@id\":\"https:\\\/\\\/andreasolomun.com\\\/hr\\\/#website\",\"url\":\"https:\\\/\\\/andreasolomun.com\\\/hr\\\/\",\"name\":\"Andrea Solomun\",\"description\":\"&amp;Body i &amp;Ballet programi za fitnes i zdravlje\",\"publisher\":{\"@id\":\"https:\\\/\\\/andreasolomun.com\\\/hr\\\/#organization\"},\"alternateName\":\"&Andrea\",\"potentialAction\":[{\"@type\":\"SearchAction\",\"target\":{\"@type\":\"EntryPoint\",\"urlTemplate\":\"https:\\\/\\\/andreasolomun.com\\\/hr\\\/?s={search_term_string}\"},\"query-input\":{\"@type\":\"PropertyValueSpecification\",\"valueRequired\":true,\"valueName\":\"search_term_string\"}}],\"inLanguage\":\"hr\"},{\"@type\":\"Organization\",\"@id\":\"https:\\\/\\\/andreasolomun.com\\\/hr\\\/#organization\",\"name\":\"&Andrea\",\"url\":\"https:\\\/\\\/andreasolomun.com\\\/hr\\\/\",\"logo\":{\"@type\":\"ImageObject\",\"inLanguage\":\"hr\",\"@id\":\"https:\\\/\\\/andreasolomun.com\\\/hr\\\/#\\\/schema\\\/logo\\\/image\\\/\",\"url\":\"https:\\\/\\\/andreasolomun.com\\\/wp-content\\\/uploads\\\/2023\\\/05\\\/logo-2x.png\",\"contentUrl\":\"https:\\\/\\\/andreasolomun.com\\\/wp-content\\\/uploads\\\/2023\\\/05\\\/logo-2x.png\",\"width\":96,\"height\":112,\"caption\":\"&Andrea\"},\"image\":{\"@id\":\"https:\\\/\\\/andreasolomun.com\\\/hr\\\/#\\\/schema\\\/logo\\\/image\\\/\"},\"sameAs\":[\"https:\\\/\\\/www.facebook.com\\\/andrea.solomun\",\"https:\\\/\\\/www.instagram.com\\\/andreasolomun\\\/\",\"https:\\\/\\\/www.youtube.com\\\/user\\\/AndreaSolomun\",\"https:\\\/\\\/www.facebook.com\\\/trainingcenterandreasroom\\\/\",\"https:\\\/\\\/www.instagram.com\\\/andreas.room\"]}]}<\/script>\n<!-- \/ Yoast SEO plugin. -->","yoast_head_json":{"title":"Politika kori\u0161tenja - & Andrea","description":"Upoznajte se s na\u0161om politikom privatnosti - za\u0161ttite va\u0161ih osobnih podataka","robots":{"index":"index","follow":"follow","max-snippet":"max-snippet:-1","max-image-preview":"max-image-preview:large","max-video-preview":"max-video-preview:-1"},"canonical":"https:\/\/andreasolomun.com\/hr\/aroom\/politika-koristenja\/","og_locale":"hr_HR","og_type":"article","og_title":"Politika kori\u0161tenja - & Andrea","og_description":"Upoznajte se s na\u0161om politikom privatnosti - za\u0161ttite va\u0161ih osobnih podataka","og_url":"https:\/\/andreasolomun.com\/hr\/aroom\/politika-koristenja\/","og_site_name":"Andrea Solomun","article_publisher":"https:\/\/www.facebook.com\/andrea.solomun","twitter_card":"summary_large_image","twitter_misc":{"Procijenjeno vrijeme \u010ditanja":"13 minuta"},"schema":{"@context":"https:\/\/schema.org","@graph":[{"@type":"WebPage","@id":"https:\/\/andreasolomun.com\/hr\/aroom\/politika-koristenja\/","url":"https:\/\/andreasolomun.com\/hr\/aroom\/politika-koristenja\/","name":"Politika kori\u0161tenja - & Andrea","isPartOf":{"@id":"https:\/\/andreasolomun.com\/hr\/#website"},"datePublished":"2025-05-08T04:43:28+00:00","description":"Upoznajte se s na\u0161om politikom privatnosti - za\u0161ttite va\u0161ih osobnih podataka","breadcrumb":{"@id":"https:\/\/andreasolomun.com\/hr\/aroom\/politika-koristenja\/#breadcrumb"},"inLanguage":"hr","potentialAction":[{"@type":"ReadAction","target":["https:\/\/andreasolomun.com\/hr\/aroom\/politika-koristenja\/"]}]},{"@type":"BreadcrumbList","@id":"https:\/\/andreasolomun.com\/hr\/aroom\/politika-koristenja\/#breadcrumb","itemListElement":[{"@type":"ListItem","position":1,"name":"Po\u010detna stranica","item":"https:\/\/andreasolomun.com\/hr\/"},{"@type":"ListItem","position":2,"name":"Andrea&#8217;s Room Boutique Gym","item":"https:\/\/andreasolomun.com\/hr\/aroom\/"},{"@type":"ListItem","position":3,"name":"Politika kori\u0161tenja"}]},{"@type":"WebSite","@id":"https:\/\/andreasolomun.com\/hr\/#website","url":"https:\/\/andreasolomun.com\/hr\/","name":"Andrea Solomun","description":"&amp;Body i &amp;Ballet programi za fitnes i zdravlje","publisher":{"@id":"https:\/\/andreasolomun.com\/hr\/#organization"},"alternateName":"&Andrea","potentialAction":[{"@type":"SearchAction","target":{"@type":"EntryPoint","urlTemplate":"https:\/\/andreasolomun.com\/hr\/?s={search_term_string}"},"query-input":{"@type":"PropertyValueSpecification","valueRequired":true,"valueName":"search_term_string"}}],"inLanguage":"hr"},{"@type":"Organization","@id":"https:\/\/andreasolomun.com\/hr\/#organization","name":"&Andrea","url":"https:\/\/andreasolomun.com\/hr\/","logo":{"@type":"ImageObject","inLanguage":"hr","@id":"https:\/\/andreasolomun.com\/hr\/#\/schema\/logo\/image\/","url":"https:\/\/andreasolomun.com\/wp-content\/uploads\/2023\/05\/logo-2x.png","contentUrl":"https:\/\/andreasolomun.com\/wp-content\/uploads\/2023\/05\/logo-2x.png","width":96,"height":112,"caption":"&Andrea"},"image":{"@id":"https:\/\/andreasolomun.com\/hr\/#\/schema\/logo\/image\/"},"sameAs":["https:\/\/www.facebook.com\/andrea.solomun","https:\/\/www.instagram.com\/andreasolomun\/","https:\/\/www.youtube.com\/user\/AndreaSolomun","https:\/\/www.facebook.com\/trainingcenterandreasroom\/","https:\/\/www.instagram.com\/andreas.room"]}]}},"_links":{"self":[{"href":"https:\/\/andreasolomun.com\/hr\/wp-json\/wp\/v2\/pages\/22416","targetHints":{"allow":["GET"]}}],"collection":[{"href":"https:\/\/andreasolomun.com\/hr\/wp-json\/wp\/v2\/pages"}],"about":[{"href":"https:\/\/andreasolomun.com\/hr\/wp-json\/wp\/v2\/types\/page"}],"author":[{"embeddable":true,"href":"https:\/\/andreasolomun.com\/hr\/wp-json\/wp\/v2\/users\/164"}],"replies":[{"embeddable":true,"href":"https:\/\/andreasolomun.com\/hr\/wp-json\/wp\/v2\/comments?post=22416"}],"version-history":[{"count":0,"href":"https:\/\/andreasolomun.com\/hr\/wp-json\/wp\/v2\/pages\/22416\/revisions"}],"up":[{"embeddable":true,"href":"https:\/\/andreasolomun.com\/hr\/wp-json\/wp\/v2\/pages\/22191"}],"wp:attachment":[{"href":"https:\/\/andreasolomun.com\/hr\/wp-json\/wp\/v2\/media?parent=22416"}],"curies":[{"name":"wp","href":"https:\/\/api.w.org\/{rel}","templated":true}]}}