{"id":127,"date":"2022-01-10T04:49:43","date_gmt":"2022-01-10T03:49:43","guid":{"rendered":"https:\/\/andreasolomun.virtus3-projekti.com\/?page_id=127"},"modified":"2025-04-27T15:31:06","modified_gmt":"2025-04-27T13:31:06","slug":"team","status":"publish","type":"page","link":"https:\/\/andreasolomun.com\/hr\/aroom\/team\/","title":{"rendered":"Tim"},"content":{"rendered":"<div class=\"fusion-fullwidth fullwidth-box fusion-builder-row-1 fusion-flex-container nonhundred-percent-fullwidth non-hundred-percent-height-scrolling\" style=\"--awb-border-radius-top-left:0px;--awb-border-radius-top-right:0px;--awb-border-radius-bottom-right:0px;--awb-border-radius-bottom-left:0px;--awb-flex-wrap:wrap;\" ><div class=\"fusion-builder-row fusion-row fusion-flex-align-items-flex-start fusion-flex-content-wrap\" style=\"max-width:1248px;margin-left: calc(-4% \/ 2 );margin-right: calc(-4% \/ 2 );\"><div class=\"fusion-layout-column fusion_builder_column fusion-builder-column-0 fusion_builder_column_1_1 1_1 fusion-flex-column\" style=\"--awb-bg-size:cover;--awb-width-large:100%;--awb-margin-top-large:0px;--awb-spacing-right-large:1.92%;--awb-margin-bottom-large:0px;--awb-spacing-left-large:1.92%;--awb-width-medium:100%;--awb-spacing-right-medium:1.92%;--awb-spacing-left-medium:1.92%;--awb-width-small:100%;--awb-spacing-right-small:1.92%;--awb-spacing-left-small:1.92%;\"><div class=\"fusion-column-wrapper fusion-flex-justify-content-flex-start fusion-content-layout-column\"><div class=\"fusion-title title fusion-title-1 fusion-sep-none fusion-title-center fusion-title-text fusion-title-size-two\" style=\"--awb-margin-top-small:10px;--awb-margin-right-small:0px;--awb-margin-bottom-small:10px;--awb-margin-left-small:0px;\"><h2 class=\"fusion-title-heading title-heading-center fusion-responsive-typography-calculated\" style=\"margin:0;--fontSize:30;line-height:var(--awb-typography1-line-height);\">Upoznajte Andrea\u2019s Room tim<\/h2><\/div><div class=\"fusion-title title fusion-title-2 fusion-sep-none fusion-title-center fusion-title-text fusion-title-size-five\" style=\"--awb-margin-top-small:10px;--awb-margin-right-small:0px;--awb-margin-bottom-small:10px;--awb-margin-left-small:0px;--awb-font-size:24px;\"><h5 class=\"fusion-title-heading title-heading-center fusion-responsive-typography-calculated\" style=\"font-family:&quot;Nunito Sans&quot;;font-style:normal;font-weight:600;margin:0;font-size:1em;--fontSize:24;--minFontSize:24;line-height:var(--awb-typography1-line-height);\">Andrea\u2019s Room team ovdje je za vas kako bi vam pomogao u izgradnji va\u0161eg optimalnog zdravog tijela i uma.<\/h5><\/div><div class=\"fusion-title title fusion-title-3 fusion-sep-none fusion-title-center fusion-title-text fusion-title-size-six\" style=\"--awb-margin-top-small:10px;--awb-margin-right-small:0px;--awb-margin-bottom-small:10px;--awb-margin-left-small:0px;--awb-font-size:24px;\"><h6 class=\"fusion-title-heading title-heading-center fusion-responsive-typography-calculated\" style=\"font-family:&quot;Nunito Sans&quot;;font-style:normal;font-weight:600;margin:0;font-size:1em;--fontSize:24;--minFontSize:24;line-height:var(--awb-typography1-line-height);\">Tu smo kako bi vi uz na\u0161u stru\u010dnost i pomo\u0107 ostvarili lifestyle dugog i zdravog \u017eivota kako bi mogli raditi ono \u0161to volite i \u0161to vas \u010dini ispunjenima i sretnima.<\/h6><\/div><div class=\"fusion-image-element \" style=\"text-align:center;--awb-mask-url: url(https:\/\/andreasolomun.com\/wp-content\/plugins\/fusion-builder\/\/assets\/images\/masks\/mask-15.svg);--awb-margin-top:50px;--awb-caption-title-font-family:var(--h2_typography-font-family);--awb-caption-title-font-weight:var(--h2_typography-font-weight);--awb-caption-title-font-style:var(--h2_typography-font-style);--awb-caption-title-size:var(--h2_typography-font-size);--awb-caption-title-transform:var(--h2_typography-text-transform);--awb-caption-title-line-height:var(--h2_typography-line-height);--awb-caption-title-letter-spacing:var(--h2_typography-letter-spacing);\"><span class=\" fusion-imageframe imageframe-none imageframe-1 hover-type-none has-mask\"><img decoding=\"async\" width=\"1024\" height=\"768\" title=\"AR team 2\" src=\"https:\/\/andreasolomun.com\/wp-content\/uploads\/2023\/06\/AR-team-2-1024x768.png\" alt class=\"img-responsive wp-image-5984\" srcset=\"https:\/\/andreasolomun.com\/wp-content\/uploads\/2023\/06\/AR-team-2-200x150.png 200w, https:\/\/andreasolomun.com\/wp-content\/uploads\/2023\/06\/AR-team-2-400x300.png 400w, https:\/\/andreasolomun.com\/wp-content\/uploads\/2023\/06\/AR-team-2-600x450.png 600w, https:\/\/andreasolomun.com\/wp-content\/uploads\/2023\/06\/AR-team-2-800x600.png 800w, https:\/\/andreasolomun.com\/wp-content\/uploads\/2023\/06\/AR-team-2-1200x900.png 1200w, https:\/\/andreasolomun.com\/wp-content\/uploads\/2023\/06\/AR-team-2.png 1920w\" sizes=\"1200px\" \/><\/span><\/div><\/div><\/div><\/div><\/div>\n","protected":false},"excerpt":{"rendered":"","protected":false},"author":3,"featured_media":0,"parent":22191,"menu_order":2,"comment_status":"closed","ping_status":"closed","template":"100-width.php","meta":{"footnotes":""},"class_list":["post-127","page","type-page","status-publish","hentry"],"yoast_head":"<!-- This site is optimized with the Yoast SEO plugin v27.3 - https:\/\/yoast.com\/product\/yoast-seo-wordpress\/ -->\n<title>Andrea&#039;s Room - Upoznajte na\u0161 tim<\/title>\n<meta name=\"description\" content=\"Tu smo za vas kako bi vam pomogli u izgradnji va\u0161eg optimalnog zdravog tijela i uma. Uz na\u0161u stru\u010dnost i pomo\u0107 ostvarite stil dugog i zdravog \u017eivota\" \/>\n<meta name=\"robots\" content=\"index, follow, max-snippet:-1, max-image-preview:large, max-video-preview:-1\" \/>\n<link rel=\"canonical\" href=\"https:\/\/andreasolomun.com\/hr\/aroom\/team\/\" \/>\n<meta property=\"og:locale\" content=\"hr_HR\" \/>\n<meta property=\"og:type\" content=\"article\" \/>\n<meta property=\"og:title\" content=\"Andrea&#039;s Room - Upoznajte na\u0161 tim\" \/>\n<meta property=\"og:description\" content=\"Tu smo za vas kako bi vam pomogli u izgradnji va\u0161eg optimalnog zdravog tijela i uma. Uz na\u0161u stru\u010dnost i pomo\u0107 ostvarite stil dugog i zdravog \u017eivota\" \/>\n<meta property=\"og:url\" content=\"https:\/\/andreasolomun.com\/hr\/aroom\/team\/\" \/>\n<meta property=\"og:site_name\" content=\"Andrea Solomun\" \/>\n<meta property=\"article:publisher\" content=\"https:\/\/www.facebook.com\/andrea.solomun\" \/>\n<meta property=\"article:modified_time\" content=\"2025-04-27T13:31:06+00:00\" \/>\n<meta name=\"twitter:card\" content=\"summary_large_image\" \/>\n<meta name=\"twitter:label1\" content=\"Procijenjeno vrijeme \u010ditanja\" \/>\n\t<meta name=\"twitter:data1\" content=\"2 minute\" \/>\n<script type=\"application\/ld+json\" class=\"yoast-schema-graph\">{\"@context\":\"https:\\\/\\\/schema.org\",\"@graph\":[{\"@type\":\"WebPage\",\"@id\":\"https:\\\/\\\/andreasolomun.com\\\/hr\\\/aroom\\\/team\\\/\",\"url\":\"https:\\\/\\\/andreasolomun.com\\\/hr\\\/aroom\\\/team\\\/\",\"name\":\"Andrea's Room - Upoznajte na\u0161 tim\",\"isPartOf\":{\"@id\":\"https:\\\/\\\/andreasolomun.com\\\/hr\\\/#website\"},\"datePublished\":\"2022-01-10T03:49:43+00:00\",\"dateModified\":\"2025-04-27T13:31:06+00:00\",\"description\":\"Tu smo za vas kako bi vam pomogli u izgradnji va\u0161eg optimalnog zdravog tijela i uma. Uz na\u0161u stru\u010dnost i pomo\u0107 ostvarite stil dugog i zdravog \u017eivota\",\"breadcrumb\":{\"@id\":\"https:\\\/\\\/andreasolomun.com\\\/hr\\\/aroom\\\/team\\\/#breadcrumb\"},\"inLanguage\":\"hr\",\"potentialAction\":[{\"@type\":\"ReadAction\",\"target\":[\"https:\\\/\\\/andreasolomun.com\\\/hr\\\/aroom\\\/team\\\/\"]}]},{\"@type\":\"BreadcrumbList\",\"@id\":\"https:\\\/\\\/andreasolomun.com\\\/hr\\\/aroom\\\/team\\\/#breadcrumb\",\"itemListElement\":[{\"@type\":\"ListItem\",\"position\":1,\"name\":\"Po\u010detna stranica\",\"item\":\"https:\\\/\\\/andreasolomun.com\\\/hr\\\/\"},{\"@type\":\"ListItem\",\"position\":2,\"name\":\"Andrea&#8217;s Room Boutique Gym\",\"item\":\"https:\\\/\\\/andreasolomun.com\\\/hr\\\/aroom\\\/\"},{\"@type\":\"ListItem\",\"position\":3,\"name\":\"Tim\"}]},{\"@type\":\"WebSite\",\"@id\":\"https:\\\/\\\/andreasolomun.com\\\/hr\\\/#website\",\"url\":\"https:\\\/\\\/andreasolomun.com\\\/hr\\\/\",\"name\":\"Andrea Solomun\",\"description\":\"&amp;Body i &amp;Ballet programi za fitnes i zdravlje\",\"publisher\":{\"@id\":\"https:\\\/\\\/andreasolomun.com\\\/hr\\\/#organization\"},\"alternateName\":\"&Andrea\",\"potentialAction\":[{\"@type\":\"SearchAction\",\"target\":{\"@type\":\"EntryPoint\",\"urlTemplate\":\"https:\\\/\\\/andreasolomun.com\\\/hr\\\/?s={search_term_string}\"},\"query-input\":{\"@type\":\"PropertyValueSpecification\",\"valueRequired\":true,\"valueName\":\"search_term_string\"}}],\"inLanguage\":\"hr\"},{\"@type\":\"Organization\",\"@id\":\"https:\\\/\\\/andreasolomun.com\\\/hr\\\/#organization\",\"name\":\"&Andrea\",\"url\":\"https:\\\/\\\/andreasolomun.com\\\/hr\\\/\",\"logo\":{\"@type\":\"ImageObject\",\"inLanguage\":\"hr\",\"@id\":\"https:\\\/\\\/andreasolomun.com\\\/hr\\\/#\\\/schema\\\/logo\\\/image\\\/\",\"url\":\"https:\\\/\\\/andreasolomun.com\\\/wp-content\\\/uploads\\\/2023\\\/05\\\/logo-2x.png\",\"contentUrl\":\"https:\\\/\\\/andreasolomun.com\\\/wp-content\\\/uploads\\\/2023\\\/05\\\/logo-2x.png\",\"width\":96,\"height\":112,\"caption\":\"&Andrea\"},\"image\":{\"@id\":\"https:\\\/\\\/andreasolomun.com\\\/hr\\\/#\\\/schema\\\/logo\\\/image\\\/\"},\"sameAs\":[\"https:\\\/\\\/www.facebook.com\\\/andrea.solomun\",\"https:\\\/\\\/www.instagram.com\\\/andreasolomun\\\/\",\"https:\\\/\\\/www.youtube.com\\\/user\\\/AndreaSolomun\",\"https:\\\/\\\/www.facebook.com\\\/trainingcenterandreasroom\\\/\",\"https:\\\/\\\/www.instagram.com\\\/andreas.room\"]}]}<\/script>\n<!-- \/ Yoast SEO plugin. -->","yoast_head_json":{"title":"Andrea's Room - Upoznajte na\u0161 tim","description":"Tu smo za vas kako bi vam pomogli u izgradnji va\u0161eg optimalnog zdravog tijela i uma. Uz na\u0161u stru\u010dnost i pomo\u0107 ostvarite stil dugog i zdravog \u017eivota","robots":{"index":"index","follow":"follow","max-snippet":"max-snippet:-1","max-image-preview":"max-image-preview:large","max-video-preview":"max-video-preview:-1"},"canonical":"https:\/\/andreasolomun.com\/hr\/aroom\/team\/","og_locale":"hr_HR","og_type":"article","og_title":"Andrea's Room - Upoznajte na\u0161 tim","og_description":"Tu smo za vas kako bi vam pomogli u izgradnji va\u0161eg optimalnog zdravog tijela i uma. Uz na\u0161u stru\u010dnost i pomo\u0107 ostvarite stil dugog i zdravog \u017eivota","og_url":"https:\/\/andreasolomun.com\/hr\/aroom\/team\/","og_site_name":"Andrea Solomun","article_publisher":"https:\/\/www.facebook.com\/andrea.solomun","article_modified_time":"2025-04-27T13:31:06+00:00","twitter_card":"summary_large_image","twitter_misc":{"Procijenjeno vrijeme \u010ditanja":"2 minute"},"schema":{"@context":"https:\/\/schema.org","@graph":[{"@type":"WebPage","@id":"https:\/\/andreasolomun.com\/hr\/aroom\/team\/","url":"https:\/\/andreasolomun.com\/hr\/aroom\/team\/","name":"Andrea's Room - Upoznajte na\u0161 tim","isPartOf":{"@id":"https:\/\/andreasolomun.com\/hr\/#website"},"datePublished":"2022-01-10T03:49:43+00:00","dateModified":"2025-04-27T13:31:06+00:00","description":"Tu smo za vas kako bi vam pomogli u izgradnji va\u0161eg optimalnog zdravog tijela i uma. Uz na\u0161u stru\u010dnost i pomo\u0107 ostvarite stil dugog i zdravog \u017eivota","breadcrumb":{"@id":"https:\/\/andreasolomun.com\/hr\/aroom\/team\/#breadcrumb"},"inLanguage":"hr","potentialAction":[{"@type":"ReadAction","target":["https:\/\/andreasolomun.com\/hr\/aroom\/team\/"]}]},{"@type":"BreadcrumbList","@id":"https:\/\/andreasolomun.com\/hr\/aroom\/team\/#breadcrumb","itemListElement":[{"@type":"ListItem","position":1,"name":"Po\u010detna stranica","item":"https:\/\/andreasolomun.com\/hr\/"},{"@type":"ListItem","position":2,"name":"Andrea&#8217;s Room Boutique Gym","item":"https:\/\/andreasolomun.com\/hr\/aroom\/"},{"@type":"ListItem","position":3,"name":"Tim"}]},{"@type":"WebSite","@id":"https:\/\/andreasolomun.com\/hr\/#website","url":"https:\/\/andreasolomun.com\/hr\/","name":"Andrea Solomun","description":"&amp;Body i &amp;Ballet programi za fitnes i zdravlje","publisher":{"@id":"https:\/\/andreasolomun.com\/hr\/#organization"},"alternateName":"&Andrea","potentialAction":[{"@type":"SearchAction","target":{"@type":"EntryPoint","urlTemplate":"https:\/\/andreasolomun.com\/hr\/?s={search_term_string}"},"query-input":{"@type":"PropertyValueSpecification","valueRequired":true,"valueName":"search_term_string"}}],"inLanguage":"hr"},{"@type":"Organization","@id":"https:\/\/andreasolomun.com\/hr\/#organization","name":"&Andrea","url":"https:\/\/andreasolomun.com\/hr\/","logo":{"@type":"ImageObject","inLanguage":"hr","@id":"https:\/\/andreasolomun.com\/hr\/#\/schema\/logo\/image\/","url":"https:\/\/andreasolomun.com\/wp-content\/uploads\/2023\/05\/logo-2x.png","contentUrl":"https:\/\/andreasolomun.com\/wp-content\/uploads\/2023\/05\/logo-2x.png","width":96,"height":112,"caption":"&Andrea"},"image":{"@id":"https:\/\/andreasolomun.com\/hr\/#\/schema\/logo\/image\/"},"sameAs":["https:\/\/www.facebook.com\/andrea.solomun","https:\/\/www.instagram.com\/andreasolomun\/","https:\/\/www.youtube.com\/user\/AndreaSolomun","https:\/\/www.facebook.com\/trainingcenterandreasroom\/","https:\/\/www.instagram.com\/andreas.room"]}]}},"_links":{"self":[{"href":"https:\/\/andreasolomun.com\/hr\/wp-json\/wp\/v2\/pages\/127","targetHints":{"allow":["GET"]}}],"collection":[{"href":"https:\/\/andreasolomun.com\/hr\/wp-json\/wp\/v2\/pages"}],"about":[{"href":"https:\/\/andreasolomun.com\/hr\/wp-json\/wp\/v2\/types\/page"}],"author":[{"embeddable":true,"href":"https:\/\/andreasolomun.com\/hr\/wp-json\/wp\/v2\/users\/3"}],"replies":[{"embeddable":true,"href":"https:\/\/andreasolomun.com\/hr\/wp-json\/wp\/v2\/comments?post=127"}],"version-history":[{"count":0,"href":"https:\/\/andreasolomun.com\/hr\/wp-json\/wp\/v2\/pages\/127\/revisions"}],"up":[{"embeddable":true,"href":"https:\/\/andreasolomun.com\/hr\/wp-json\/wp\/v2\/pages\/22191"}],"wp:attachment":[{"href":"https:\/\/andreasolomun.com\/hr\/wp-json\/wp\/v2\/media?parent=127"}],"curies":[{"name":"wp","href":"https:\/\/api.w.org\/{rel}","templated":true}]}}